{"id":6049,"date":"2021-04-14T16:00:18","date_gmt":"2021-04-14T15:00:18","guid":{"rendered":"http:\/\/csepelfc.hu\/?page_id=6049"},"modified":"2022-01-21T21:55:51","modified_gmt":"2022-01-21T20:55:51","slug":"udvozoljuk-a-109-eves-csepel-fc-honlapjan","status":"publish","type":"page","link":"http:\/\/csepelfc.hu\/index.php\/udvozoljuk-a-109-eves-csepel-fc-honlapjan\/","title":{"rendered":"\u00dcdv\u00f6z\u00f6lj\u00fck a 110 \u00e9ves Csepel FC honlapj\u00e1n!"},"content":{"rendered":"<p>A Csepel Football Club id\u00e9n \u00fcnnepli fenn\u00e1ll\u00e1s\u00e1nak 110. \u00e9vfordul\u00f3j\u00e1t (hozz\u00e1sz\u00e1m\u00edtva term\u00e9szetesen az el\u0151d- egyes\u00fcletek, a Csepeli TK, a Csepeli AK, a Csepeli MOVE, a Csepel FC, WMFC, a WMTK, \u00e9s \u00a0Csepel SC) regn\u00e1l\u00e1s\u00e1t. 2017- ben hoztuk l\u00e9tre \u00faj, internetes oldalunkat, ahol a naprak\u00e9sz inform\u00e1ci\u00f3k mellett igyeksz\u00fcnk helyet biztos\u00edtani a dics\u0151s\u00e9ges m\u00falt eml\u00e9keinek is, szem el\u0151tt tartva szimpatiz\u00e1nsaink, szurkol\u00f3ink min\u00e9l sz\u00e9lesebb k\u00f6r\u0171 t\u00e1j\u00e9koztat\u00e1s\u00e1t.<!--more-->B\u00edzunk benne, hogy mindenki tal\u00e1l mag\u00e1nak kedv\u00e9re val\u00f3 t\u00e9m\u00e1t, olvasnival\u00f3t honlapunkon \u00e9s k\u00e9rj\u00fck ne feledkezzenek meg a p\u00e1rhuzamosan m\u0171k\u00f6d\u0151 Facebook oldalunkr\u00f3l se, ahol ugyancsak megtal\u00e1lhat\u00f3ak a klubbal kapcsolatos legfrissebb inform\u00e1ci\u00f3k.<\/p>\n<p>Tov\u00e1bbra is Hajr\u00e1 Csepel FC!, Hajr\u00e1 Szigetorsz\u00e1g! Csak a 21!<\/p>\n","protected":false},"excerpt":{"rendered":"<div class=\"mh-excerpt\"><p>A Csepel Football Club id\u00e9n \u00fcnnepli fenn\u00e1ll\u00e1s\u00e1nak 110. \u00e9vfordul\u00f3j\u00e1t (hozz\u00e1sz\u00e1m\u00edtva term\u00e9szetesen az el\u0151d- egyes\u00fcletek, a Csepeli TK, a Csepeli AK, a Csepeli MOVE, a Csepel FC, WMFC, a WMTK, \u00e9s <a class=\"mh-excerpt-more\" href=\"http:\/\/csepelfc.hu\/index.php\/udvozoljuk-a-109-eves-csepel-fc-honlapjan\/\" title=\"\u00dcdv\u00f6z\u00f6lj\u00fck a 110 \u00e9ves Csepel FC honlapj\u00e1n!\">[tov\u00e1bb&#8230;]<\/a><\/p>\n<\/div>","protected":false},"author":1,"featured_media":0,"parent":0,"menu_order":0,"comment_status":"closed","ping_status":"closed","template":"","meta":[],"jetpack_sharing_enabled":true,"jetpack_shortlink":"https:\/\/wp.me\/P83FEU-1zz","_links":{"self":[{"href":"http:\/\/csepelfc.hu\/index.php\/wp-json\/wp\/v2\/pages\/6049"}],"collection":[{"href":"http:\/\/csepelfc.hu\/index.php\/wp-json\/wp\/v2\/pages"}],"about":[{"href":"http:\/\/csepelfc.hu\/index.php\/wp-json\/wp\/v2\/types\/page"}],"author":[{"embeddable":true,"href":"http:\/\/csepelfc.hu\/index.php\/wp-json\/wp\/v2\/users\/1"}],"replies":[{"embeddable":true,"href":"http:\/\/csepelfc.hu\/index.php\/wp-json\/wp\/v2\/comments?post=6049"}],"version-history":[{"count":3,"href":"http:\/\/csepelfc.hu\/index.php\/wp-json\/wp\/v2\/pages\/6049\/revisions"}],"predecessor-version":[{"id":6970,"href":"http:\/\/csepelfc.hu\/index.php\/wp-json\/wp\/v2\/pages\/6049\/revisions\/6970"}],"wp:attachment":[{"href":"http:\/\/csepelfc.hu\/index.php\/wp-json\/wp\/v2\/media?parent=6049"}],"curies":[{"name":"wp","href":"https:\/\/api.w.org\/{rel}","templated":true}]}}