{"id":55,"date":"2016-10-29T09:03:13","date_gmt":"2016-10-29T09:03:13","guid":{"rendered":"http:\/\/csepelfc.hu\/wp\/?page_id=55"},"modified":"2017-02-19T08:58:37","modified_gmt":"2017-02-19T07:58:37","slug":"stadion","status":"publish","type":"page","link":"http:\/\/csepelfc.hu\/index.php\/stadion\/","title":{"rendered":"Stadion"},"content":{"rendered":"<p class=\"style2\">B\u00e9ke t\u00e9ri Stadion<\/p>\n<p class=\"style2\">C\u00edm: 1212 Bp., B\u00e9ke t\u00e9r 1.<\/p>\n<p>Befogad\u00f3k\u00e9pess\u00e9g:<br \/>\n\u00f6sszesen: 12.000<br \/>\n\u00fcl\u0151hely: 2.200 (fedett: 528)<br \/>\n\u00e1ll\u00f3hely: 9.800<\/p>\n<p>N\u00e9z\u0151cs\u00facs: 34.000 f\u0151 (1948, Csepel-FTC: 4-3)<\/p>\n<p><u><a href=\"http:\/\/www.magyarfutball.hu\/hu\/stadion\/63\" target=\"_blank\" data-cke-saved-href=\"http:\/\/www.magyarfutball.hu\/hu\/stadion\/63\"><span class=\"style3\">Tov\u00e1bbi inform\u00e1ci\u00f3k itt.<\/span><\/a><\/u><\/p>\n<p><img loading=\"lazy\" class=\"aligncenter wp-image-167 size-full\" src=\"http:\/\/csepelfc.hu\/wp-content\/uploads\/2016\/10\/csepelsportelep.jpg\" alt=\"csepelsportelep\" width=\"904\" height=\"516\" srcset=\"http:\/\/csepelfc.hu\/wp-content\/uploads\/2016\/10\/csepelsportelep.jpg 904w, http:\/\/csepelfc.hu\/wp-content\/uploads\/2016\/10\/csepelsportelep-300x171.jpg 300w, http:\/\/csepelfc.hu\/wp-content\/uploads\/2016\/10\/csepelsportelep-768x438.jpg 768w\" sizes=\"(max-width: 904px) 100vw, 904px\" \/><\/p>\n<p>&nbsp;<\/p>\n","protected":false},"excerpt":{"rendered":"<div class=\"mh-excerpt\"><p>B\u00e9ke t\u00e9ri Stadion C\u00edm: 1212 Bp., B\u00e9ke t\u00e9r 1. Befogad\u00f3k\u00e9pess\u00e9g: \u00f6sszesen: 12.000 \u00fcl\u0151hely: 2.200 (fedett: 528) \u00e1ll\u00f3hely: 9.800 N\u00e9z\u0151cs\u00facs: 34.000 f\u0151 (1948, Csepel-FTC: 4-3) Tov\u00e1bbi inform\u00e1ci\u00f3k itt. &nbsp;<\/p>\n<\/div>","protected":false},"author":1,"featured_media":0,"parent":0,"menu_order":0,"comment_status":"closed","ping_status":"closed","template":"","meta":[],"jetpack_sharing_enabled":true,"jetpack_shortlink":"https:\/\/wp.me\/P83FEU-T","_links":{"self":[{"href":"http:\/\/csepelfc.hu\/index.php\/wp-json\/wp\/v2\/pages\/55"}],"collection":[{"href":"http:\/\/csepelfc.hu\/index.php\/wp-json\/wp\/v2\/pages"}],"about":[{"href":"http:\/\/csepelfc.hu\/index.php\/wp-json\/wp\/v2\/types\/page"}],"author":[{"embeddable":true,"href":"http:\/\/csepelfc.hu\/index.php\/wp-json\/wp\/v2\/users\/1"}],"replies":[{"embeddable":true,"href":"http:\/\/csepelfc.hu\/index.php\/wp-json\/wp\/v2\/comments?post=55"}],"version-history":[{"count":6,"href":"http:\/\/csepelfc.hu\/index.php\/wp-json\/wp\/v2\/pages\/55\/revisions"}],"predecessor-version":[{"id":471,"href":"http:\/\/csepelfc.hu\/index.php\/wp-json\/wp\/v2\/pages\/55\/revisions\/471"}],"wp:attachment":[{"href":"http:\/\/csepelfc.hu\/index.php\/wp-json\/wp\/v2\/media?parent=55"}],"curies":[{"name":"wp","href":"https:\/\/api.w.org\/{rel}","templated":true}]}}