{"id":491,"date":"2017-02-19T13:03:34","date_gmt":"2017-02-19T12:03:34","guid":{"rendered":"http:\/\/csepelfc.hu\/?page_id=491"},"modified":"2022-05-02T20:25:08","modified_gmt":"2022-05-02T19:25:08","slug":"ajandektargyak","status":"publish","type":"page","link":"http:\/\/csepelfc.hu\/index.php\/ajandektargyak\/","title":{"rendered":"Aj\u00e1nd\u00e9kt\u00e1rgyak"},"content":{"rendered":"<p><strong>Szurkol\u00f3i mez<\/strong><\/p>\n<p><a href=\"http:\/\/csepelfc.hu\/wp-content\/uploads\/2020\/12\/Szurkoloi-mez2.jpg\"><img loading=\"lazy\" class=\"alignnone size-thumbnail wp-image-5700\" src=\"http:\/\/csepelfc.hu\/wp-content\/uploads\/2020\/12\/Szurkoloi-mez2-150x150.jpg\" alt=\"\" width=\"150\" height=\"150\" \/><\/a> <a href=\"http:\/\/csepelfc.hu\/wp-content\/uploads\/2020\/12\/Szurkoloi-mez1.jpg\"><img loading=\"lazy\" class=\"alignnone size-thumbnail wp-image-5699\" src=\"http:\/\/csepelfc.hu\/wp-content\/uploads\/2020\/12\/Szurkoloi-mez1-150x150.jpg\" alt=\"\" width=\"150\" height=\"150\" \/><\/a> <a href=\"http:\/\/csepelfc.hu\/wp-content\/uploads\/2020\/12\/Szurkoloi-mez3.jpg\"><img loading=\"lazy\" class=\"alignnone size-thumbnail wp-image-5698\" src=\"http:\/\/csepelfc.hu\/wp-content\/uploads\/2020\/12\/Szurkoloi-mez3-150x150.jpg\" alt=\"\" width=\"150\" height=\"150\" \/><\/a><\/p>\n<div>Egyedi &#8211; a szurkol\u00f3k \u00e1ltal k\u00e9sz\u00edttetett &#8211; Csepel FC mez, limit\u00e1lt p\u00e9ld\u00e1nysz\u00e1mban (m\u00e1r csak 1 db!!! ), az Islander Division szurkol\u00f3i k\u00f6r embl\u00e9m\u00e1j\u00e1val d\u00edsz\u00edtett. <strong>\u00c1ra: 12 500 Ft<\/strong><\/div>\n<div>\u00a0<\/div>\n<div><b>M\u00e9retek:<\/b><\/div>\n<div>\n<div class=\"\" data-block=\"true\" data-editor=\"avddj\" data-offset-key=\"7c3mn-0-0\">\n<div class=\"_1mf _1mj\" data-offset-key=\"7c3mn-0-0\"><span data-offset-key=\"7c3mn-0-0\">\u00a0 \u00a0 \u00a0 \u00a0 \u00a0 \u00a0 \u00a0 \u00a0 \u00a0 M (1 db)<\/span><\/div>\n<\/div>\n<\/div>\n<div>\u00a0<\/div>\n<div><b>Rendelhet\u0151:\u00a0<\/b><a href=\"mailto:csepelfc@csepelfc.hu\" target=\"_blank\" rel=\"noopener noreferrer\">csepelfc@csepelfc.hu<\/a>, vagy a Csepel FC Facebook oldal\u00e1n \u00fczenetben.<\/div>\n<div>\u00a0<\/div>\n<div>\u00a0<\/div>\n<div>\n<div>\u00a0<\/div>\n<\/div>\n\n\n<p><strong>Limit\u00e1lt p\u00e9ld\u00e1nysz\u00e1m\u00fa Csepel FC sz\u00e1jmaszk&nbsp; &#8211; 1500 Ft<\/strong><br>Megrendel\u00e9s: <a rel=\"noreferrer noopener\" href=\"mailto:csepelfc@csepelfc.hu\" target=\"_blank\">legradi.gabor@csepelfc.hu<\/a>&nbsp;vagy a&nbsp;<a rel=\"noreferrer noopener\" href=\"https:\/\/www.facebook.com\/csepelfc\" target=\"_blank\">https:\/\/www.facebook.com\/csepelfc<\/a>&nbsp;oldalon kereszt\u00fcl, \u00fczenetben.<\/p>\n\n\n\n<figure class=\"wp-block-image\"><a href=\"http:\/\/csepelfc.hu\/wp-content\/uploads\/2020\/11\/Fejmaszkkal.jpg\"><img loading=\"lazy\" width=\"285\" height=\"300\" src=\"http:\/\/csepelfc.hu\/wp-content\/uploads\/2020\/11\/Fejmaszkkal-285x300.jpg\" alt=\"\" class=\"wp-image-5582\" srcset=\"http:\/\/csepelfc.hu\/wp-content\/uploads\/2020\/11\/Fejmaszkkal-285x300.jpg 285w, http:\/\/csepelfc.hu\/wp-content\/uploads\/2020\/11\/Fejmaszkkal.jpg 320w\" sizes=\"(max-width: 285px) 100vw, 285px\" \/><\/a><\/figure>\n\n\n\n<figure class=\"wp-block-image\"><a href=\"http:\/\/csepelfc.hu\/wp-content\/uploads\/2020\/11\/Csepel-FC-maszk.jpg\"><img loading=\"lazy\" width=\"225\" height=\"300\" src=\"http:\/\/csepelfc.hu\/wp-content\/uploads\/2020\/11\/Csepel-FC-maszk-225x300.jpg\" alt=\"\" class=\"wp-image-5583\" srcset=\"http:\/\/csepelfc.hu\/wp-content\/uploads\/2020\/11\/Csepel-FC-maszk-225x300.jpg 225w, http:\/\/csepelfc.hu\/wp-content\/uploads\/2020\/11\/Csepel-FC-maszk-768x1024.jpg 768w, http:\/\/csepelfc.hu\/wp-content\/uploads\/2020\/11\/Csepel-FC-maszk.jpg 864w\" sizes=\"(max-width: 225px) 100vw, 225px\" \/><\/a><\/figure>\n\n\n\n<figure class=\"wp-block-image\"><a href=\"http:\/\/csepelfc.hu\/wp-content\/uploads\/2020\/11\/Elfani-Bal-esJobb.jpg\"><img loading=\"lazy\" width=\"300\" height=\"149\" src=\"http:\/\/csepelfc.hu\/wp-content\/uploads\/2020\/11\/Elfani-Bal-esJobb-300x149.jpg\" alt=\"\" class=\"wp-image-5581\" srcset=\"http:\/\/csepelfc.hu\/wp-content\/uploads\/2020\/11\/Elfani-Bal-esJobb-300x149.jpg 300w, http:\/\/csepelfc.hu\/wp-content\/uploads\/2020\/11\/Elfani-Bal-esJobb-1024x509.jpg 1024w, http:\/\/csepelfc.hu\/wp-content\/uploads\/2020\/11\/Elfani-Bal-esJobb-768x382.jpg 768w, http:\/\/csepelfc.hu\/wp-content\/uploads\/2020\/11\/Elfani-Bal-esJobb.jpg 1192w\" sizes=\"(max-width: 300px) 100vw, 300px\" \/><\/a><\/figure>\n\n\n\n<p><strong>Kedves v\u00e1s\u00e1rl\u00f3nk!<\/strong> &nbsp; K\u00f6sz\u00f6nj\u00fck, hogy a megv\u00e1s\u00e1rolt a Csepel FC maszk haszn\u00e1lat\u00e1val \u00f6n is v\u00e9di saj\u00e1t, valamint embert\u00e1rsai eg\u00e9szs\u00e9g\u00e9t, egyben t\u00e1mogatja a legend\u00e1s csepeli sport\u00e9let m\u00faltj\u00e1t \u0151rz\u0151 arch\u00edvum m\u0171k\u00f6d\u00e9s\u00e9t, ezzel is el\u0151seg\u00edtve egy leend\u0151 csepeli sportgy\u0171jtem\u00e9ny megval\u00f3s\u00edt\u00e1s\u00e1t. Klubunk elk\u00f6telezett az 1912-ben alap\u00edtott k\u00e9k- piros egyes\u00fclet m\u00faltj\u00e1nak \u00e1pol\u00e1s\u00e1ban, ami hatalmas gy\u0171jt\u0151, archiv\u00e1l\u00f3, \u00e9rt\u00e9kmeg\u0151rz\u0151 tev\u00e9kenys\u00e9gb\u0151l \u00e1ll, ennek gy\u00fcm\u00f6lcs\u00e9t szeretn\u00e9nk majd a k\u00f6zelj\u00f6v\u0151ben nagyobb nyilv\u00e1noss\u00e1g el\u00e9 is t\u00e1rni. \/Ennek virtu\u00e1lis kivonata m\u00e1r k\u00f6vethet\u0151 a Facebookon elind\u00edtott <strong>CsepelSportAnno<\/strong> oldalon.\/ &nbsp; <strong>Hajr\u00e1 csepeli sport, Hajr\u00e1 Csepel FC!<\/strong><\/p>\n","protected":false},"excerpt":{"rendered":"<div class=\"mh-excerpt\"><p>Szurkol\u00f3i mez Egyedi &#8211; a szurkol\u00f3k \u00e1ltal k\u00e9sz\u00edttetett &#8211; Csepel FC mez, limit\u00e1lt p\u00e9ld\u00e1nysz\u00e1mban (m\u00e1r csak 1 db!!! ), az Islander Division szurkol\u00f3i k\u00f6r embl\u00e9m\u00e1j\u00e1val d\u00edsz\u00edtett. \u00c1ra: 12 500 Ft <a class=\"mh-excerpt-more\" href=\"http:\/\/csepelfc.hu\/index.php\/ajandektargyak\/\" title=\"Aj\u00e1nd\u00e9kt\u00e1rgyak\">[tov\u00e1bb&#8230;]<\/a><\/p>\n<\/div>","protected":false},"author":1,"featured_media":0,"parent":0,"menu_order":0,"comment_status":"closed","ping_status":"closed","template":"","meta":[],"jetpack_sharing_enabled":true,"jetpack_shortlink":"https:\/\/wp.me\/P83FEU-7V","_links":{"self":[{"href":"http:\/\/csepelfc.hu\/index.php\/wp-json\/wp\/v2\/pages\/491"}],"collection":[{"href":"http:\/\/csepelfc.hu\/index.php\/wp-json\/wp\/v2\/pages"}],"about":[{"href":"http:\/\/csepelfc.hu\/index.php\/wp-json\/wp\/v2\/types\/page"}],"author":[{"embeddable":true,"href":"http:\/\/csepelfc.hu\/index.php\/wp-json\/wp\/v2\/users\/1"}],"replies":[{"embeddable":true,"href":"http:\/\/csepelfc.hu\/index.php\/wp-json\/wp\/v2\/comments?post=491"}],"version-history":[{"count":29,"href":"http:\/\/csepelfc.hu\/index.php\/wp-json\/wp\/v2\/pages\/491\/revisions"}],"predecessor-version":[{"id":7387,"href":"http:\/\/csepelfc.hu\/index.php\/wp-json\/wp\/v2\/pages\/491\/revisions\/7387"}],"wp:attachment":[{"href":"http:\/\/csepelfc.hu\/index.php\/wp-json\/wp\/v2\/media?parent=491"}],"curies":[{"name":"wp","href":"https:\/\/api.w.org\/{rel}","templated":true}]}}