{"id":39,"date":"2016-10-29T07:32:40","date_gmt":"2016-10-29T07:32:40","guid":{"rendered":"http:\/\/csepelfc.hu\/wp\/?page_id=39"},"modified":"2016-11-02T16:32:20","modified_gmt":"2016-11-02T15:32:20","slug":"elerhetoseg","status":"publish","type":"page","link":"http:\/\/csepelfc.hu\/index.php\/elerhetoseg\/","title":{"rendered":"El\u00e9rhet\u0151s\u00e9g"},"content":{"rendered":"<p class=\"style1\">El\u00e9rhet\u0151s\u00e9g<\/p>\n<p class=\"style3\" align=\"left\">C\u00edm: 1212 Bp., B\u00e9ke t\u00e9r 1. Csepel SC Sporttelep<br \/>\nTelefon: +36-70\/777-1865; +36-70\/431-0689<br \/>\nFax: +36-1\/420-4501<br \/>\nE-mail: csepelfc@csepelfc.hu; takacs.krisztian@csepelfc.hu<\/p>\n<p class=\"style2\" style=\"text-align: center;\"><iframe loading=\"lazy\" src=\"http:\/\/maps.google.com\/?ie=UTF8&amp;ll=47.418781,19.07336&amp;spn=0.007622,0.019999&amp;t=h&amp;z=16&amp;output=embed&amp;s=AARTsJqzARj-Z8VnW5pkPMLMmZbqrJcYpw\" width=\"425\" height=\"350\" frameborder=\"0\" marginwidth=\"0\" marginheight=\"0\" scrolling=\"no\"><\/iframe><br \/>\n<small><a style=\"color: #0000ff; text-align: left;\" href=\"http:\/\/maps.google.com\/?ie=UTF8&amp;ll=47.418781,19.07336&amp;spn=0.007622,0.019999&amp;t=h&amp;z=16&amp;source=embed\">Nagyobb t\u00e9rk\u00e9pre v\u00e1lt\u00e1s<\/a><\/small><\/p>\n","protected":false},"excerpt":{"rendered":"<div class=\"mh-excerpt\"><p>El\u00e9rhet\u0151s\u00e9g C\u00edm: 1212 Bp., B\u00e9ke t\u00e9r 1. Csepel SC Sporttelep Telefon: +36-70\/777-1865; +36-70\/431-0689 Fax: +36-1\/420-4501 E-mail: csepelfc@csepelfc.hu; takacs.krisztian@csepelfc.hu Nagyobb t\u00e9rk\u00e9pre v\u00e1lt\u00e1s<\/p>\n<\/div>","protected":false},"author":1,"featured_media":0,"parent":0,"menu_order":0,"comment_status":"closed","ping_status":"closed","template":"","meta":[],"jetpack_sharing_enabled":true,"jetpack_shortlink":"https:\/\/wp.me\/P83FEU-D","_links":{"self":[{"href":"http:\/\/csepelfc.hu\/index.php\/wp-json\/wp\/v2\/pages\/39"}],"collection":[{"href":"http:\/\/csepelfc.hu\/index.php\/wp-json\/wp\/v2\/pages"}],"about":[{"href":"http:\/\/csepelfc.hu\/index.php\/wp-json\/wp\/v2\/types\/page"}],"author":[{"embeddable":true,"href":"http:\/\/csepelfc.hu\/index.php\/wp-json\/wp\/v2\/users\/1"}],"replies":[{"embeddable":true,"href":"http:\/\/csepelfc.hu\/index.php\/wp-json\/wp\/v2\/comments?post=39"}],"version-history":[{"count":2,"href":"http:\/\/csepelfc.hu\/index.php\/wp-json\/wp\/v2\/pages\/39\/revisions"}],"predecessor-version":[{"id":269,"href":"http:\/\/csepelfc.hu\/index.php\/wp-json\/wp\/v2\/pages\/39\/revisions\/269"}],"wp:attachment":[{"href":"http:\/\/csepelfc.hu\/index.php\/wp-json\/wp\/v2\/media?parent=39"}],"curies":[{"name":"wp","href":"https:\/\/api.w.org\/{rel}","templated":true}]}}