{"id":3695,"date":"2018-12-18T14:37:32","date_gmt":"2018-12-18T13:37:32","guid":{"rendered":"http:\/\/csepelfc.hu\/?page_id=3695"},"modified":"2024-07-27T13:00:40","modified_gmt":"2024-07-27T12:00:40","slug":"csepel-rc-tao","status":"publish","type":"page","link":"http:\/\/csepelfc.hu\/index.php\/csepel-rc-tao\/","title":{"rendered":"Csepeli RC TAO"},"content":{"rendered":"\n<p>2024<\/p>\n\n\n\n<p><a href=\"https:\/\/nyivi.edu.hu\/wp-content\/uploads\/2024\/07\/sfp_kerelem_09356_20240524_1716533106.pdf\" target=\"_blank\" rel=\"noreferrer noopener\">K\u00e9relem<\/a><\/p>\n\n\n\n<p><a href=\"https:\/\/nyivi.edu.hu\/wp-content\/uploads\/2024\/07\/sfp_jhatarozat_000_09356_2024_mrsz_2024-05-27_1716797811_1716798126.pdf\" target=\"_blank\" rel=\"noreferrer noopener\">Hat\u00e1rozat<\/a><\/p>\n\n\n\n<p>2023<\/p>\n\n\n\n<p><a href=\"https:\/\/nyivi.edu.hu\/wp-content\/uploads\/2023\/06\/sfp_kerelem_06356_20230418_1681809054.pdf\" target=\"_blank\" rel=\"noreferrer noopener\">K\u00e9relem<\/a><\/p>\n\n\n\n<p><a rel=\"noreferrer noopener\" href=\"https:\/\/nyivi.edu.hu\/wp-content\/uploads\/2023\/06\/hatarozat-csepel-rc-2023.pdf\" target=\"_blank\">Hat\u00e1rozat<\/a><\/p>\n\n\n\n<p>2022<\/p>\n\n\n\n<p><a href=\"http:\/\/csepelfc.hu\/wp-content\/uploads\/2023\/01\/sfp-2022.pdf\" target=\"_blank\" rel=\"noreferrer noopener\">K\u00e9relem<\/a><\/p>\n\n\n\n<p><a href=\"http:\/\/csepelfc.hu\/wp-content\/uploads\/2023\/01\/sfp-jovahagyo.pdf\" target=\"_blank\" rel=\"noreferrer noopener\">Hat\u00e1rozat<\/a><\/p>\n\n\n\n<p>2021<\/p>\n\n\n\n<p><a rel=\"noreferrer noopener\" href=\"http:\/\/csepelfc.hu\/wp-content\/uploads\/2021\/05\/20212022-program.pdf\" target=\"_blank\">K\u00e9relem<\/a><\/p>\n\n\n\n<p><a href=\"http:\/\/csepelfc.hu\/wp-content\/uploads\/2021\/05\/20212022-jovahagyo-hatarozat.pdf\" target=\"_blank\" rel=\"noreferrer noopener\">Hat\u00e1rozat<\/a><\/p>\n\n\n\n<p>2020<\/p>\n\n\n\n<p><a rel=\"noreferrer noopener\" href=\"http:\/\/csepelfc.hu\/wp-content\/uploads\/2021\/05\/20202021-program_compressed.pdf\" target=\"_blank\">K\u00e9relem<\/a><\/p>\n\n\n\n<p><a href=\"http:\/\/csepelfc.hu\/wp-content\/uploads\/2021\/05\/20202021-jovahagyo-hatarozat_compressed.pdf\" target=\"_blank\" rel=\"noreferrer noopener\">Hat\u00e1rozat<\/a><\/p>\n\n\n\n<p>2019<\/p>\n\n\n\n<p><a rel=\"noreferrer noopener\" aria-label=\"K\u00e9relem (opens in a new tab)\" href=\"https:\/\/drive.google.com\/file\/d\/1hoVl4SVL7waRE2q_yaqcs1nD3f2BWfwF\/view?usp=sharing\" target=\"_blank\">K\u00e9relem<\/a><\/p>\n\n\n\n<p><a rel=\"noreferrer noopener\" aria-label=\"J\u00f3v\u00e1hagy\u00f3 hat\u00e1rozat (opens in a new tab)\" href=\"https:\/\/drive.google.com\/file\/d\/1Z8xdAbwCwOKyEadT23ajFy80sOYgjlwG\/view?usp=sharing\" target=\"_blank\">J\u00f3v\u00e1hagy\u00f3 hat\u00e1rozat<\/a><\/p>\n\n\n\n<p><a rel=\"noreferrer noopener\" aria-label=\"M\u00f3dos\u00edt\u00e1s j\u00f3v\u00e1hagy\u00f3 hat\u00e1rozat (opens in a new tab)\" href=\"https:\/\/drive.google.com\/file\/d\/1-Wdjt5htnzvaDnAbz8BY07szrOcrITAO\/view?usp=sharing\" target=\"_blank\">M\u00f3dos\u00edt\u00e1st j\u00f3v\u00e1hagy\u00f3 hat\u00e1rozat<\/a><\/p>\n\n\n\n<p><a rel=\"noreferrer noopener\" aria-label=\"Hosszabb\u00edt\u00e1st j\u00f3v\u00e1hagy\u00f3 hat\u00e1rozat (opens in a new tab)\" href=\"https:\/\/drive.google.com\/file\/d\/1rajJAag7gmrdvHi42O7vOawH5XZodVB3\/view?usp=sharing\" target=\"_blank\">Hosszabb\u00edt\u00e1st j\u00f3v\u00e1hagy\u00f3 hat\u00e1rozat<\/a><\/p>\n\n\n\n<p>2018<\/p>\n\n\n\n<p><a href=\"https:\/\/drive.google.com\/file\/d\/1iJ1D5b6OSbUXAqGtDKswnDV3NnOH37NO\/view?usp=sharing\" target=\"_blank\" rel=\"noreferrer noopener\" aria-label=\"K\u00e9relem (opens in a new tab)\">K\u00e9relem<\/a><\/p>\n\n\n\n<p><a rel=\"noreferrer noopener\" aria-label=\"J\u00f3v\u00e1hagy\u00f3 hat\u00e1rozat (opens in a new tab)\" href=\"http:\/\/csepelfc.hu\/wp-content\/uploads\/2018\/12\/R\u00f6plabda-jovahagyohatarozat_1544870944-1.pdf\" target=\"_blank\">J\u00f3v\u00e1hagy\u00f3 hat\u00e1rozat<\/a><\/p>\n","protected":false},"excerpt":{"rendered":"<div class=\"mh-excerpt\"><p>2024 K\u00e9relem Hat\u00e1rozat 2023 K\u00e9relem Hat\u00e1rozat 2022 K\u00e9relem Hat\u00e1rozat 2021 K\u00e9relem Hat\u00e1rozat 2020 K\u00e9relem Hat\u00e1rozat 2019 K\u00e9relem J\u00f3v\u00e1hagy\u00f3 hat\u00e1rozat M\u00f3dos\u00edt\u00e1st j\u00f3v\u00e1hagy\u00f3 hat\u00e1rozat Hosszabb\u00edt\u00e1st j\u00f3v\u00e1hagy\u00f3 hat\u00e1rozat 2018 K\u00e9relem J\u00f3v\u00e1hagy\u00f3 hat\u00e1rozat<\/p>\n<\/div>","protected":false},"author":1,"featured_media":0,"parent":0,"menu_order":0,"comment_status":"closed","ping_status":"closed","template":"","meta":[],"jetpack_sharing_enabled":true,"jetpack_shortlink":"https:\/\/wp.me\/P83FEU-XB","_links":{"self":[{"href":"http:\/\/csepelfc.hu\/index.php\/wp-json\/wp\/v2\/pages\/3695"}],"collection":[{"href":"http:\/\/csepelfc.hu\/index.php\/wp-json\/wp\/v2\/pages"}],"about":[{"href":"http:\/\/csepelfc.hu\/index.php\/wp-json\/wp\/v2\/types\/page"}],"author":[{"embeddable":true,"href":"http:\/\/csepelfc.hu\/index.php\/wp-json\/wp\/v2\/users\/1"}],"replies":[{"embeddable":true,"href":"http:\/\/csepelfc.hu\/index.php\/wp-json\/wp\/v2\/comments?post=3695"}],"version-history":[{"count":12,"href":"http:\/\/csepelfc.hu\/index.php\/wp-json\/wp\/v2\/pages\/3695\/revisions"}],"predecessor-version":[{"id":7849,"href":"http:\/\/csepelfc.hu\/index.php\/wp-json\/wp\/v2\/pages\/3695\/revisions\/7849"}],"wp:attachment":[{"href":"http:\/\/csepelfc.hu\/index.php\/wp-json\/wp\/v2\/media?parent=3695"}],"curies":[{"name":"wp","href":"https:\/\/api.w.org\/{rel}","templated":true}]}}