{"id":32,"date":"2016-10-29T07:21:35","date_gmt":"2016-10-29T07:21:35","guid":{"rendered":"http:\/\/csepelfc.hu\/wp\/?page_id=32"},"modified":"2018-06-05T21:51:19","modified_gmt":"2018-06-05T20:51:19","slug":"galeria","status":"publish","type":"page","link":"http:\/\/csepelfc.hu\/index.php\/galeria\/","title":{"rendered":"Gal\u00e9ria"},"content":{"rendered":"<p>2018<\/p>\n<p><a href=\"https:\/\/photos.app.goo.gl\/ksedTO5yPCz7f1Gq2\" target=\"_blank\" rel=\"noopener\">Csepel FC &#8211; Andr\u00e1shida SC 2018-06-03<\/a><\/p>\n<p><a href=\"https:\/\/photos.app.goo.gl\/TB2mjxkpQP7aQ7Q97\" target=\"_blank\" rel=\"noopener\">Csepel FC &#8211; P\u00e9nz\u00fcgy\u0151r SE 2018-04-28<\/a><\/p>\n<p>2017<\/p>\n<p><a href=\"https:\/\/goo.gl\/photos\/ctvqqPUXnUwC3SSr6\" target=\"_blank\" rel=\"noopener noreferrer\">Csepel FC &#8211; Gy\u0151ri ETO 2017-06-04<\/a><\/p>\n<p><a href=\"https:\/\/photos.google.com\/share\/AF1QipMBFG_PPKWb8BALivPBGSM2fri4JhLONrbHQJrYexsveI688la-8w0Qr4h1AdYUVQ?key=X1BaMk9VT01ibTdQZWk0R1h0UER5NTNZcTR4c2dB\" target=\"_blank\" rel=\"noopener noreferrer\">III. Ker\u00fclet TVE &#8211; Csepel FC 2017-04-15<\/a><\/p>\n<p><a href=\"https:\/\/goo.gl\/photos\/bvmtVyKLHQu7hbFg9\" target=\"_blank\" rel=\"noopener noreferrer\">Csepel FC &#8211; Bp. Honv\u00e9d -MFA II 2017-04-09<\/a><\/p>\n<p><a href=\"https:\/\/goo.gl\/photos\/drjf5hVeRbBzaK5H7\" target=\"_blank\" rel=\"noopener noreferrer\">Csepel FC &#8211; VLS Veszpr\u00e9m 2017-03-26<\/a><\/p>\n<p><a href=\"http:\/\/csepelfc.hu\/index.php\/csepel-kaposvar-0-3\/\">Csepel FC &#8211; Kaposv\u00e1ri R\u00e1k\u00f3czi FC 2017-02-25<\/a><\/p>\n<p><a href=\"https:\/\/goo.gl\/photos\/uQjqBewgMdPK4oAh7\" target=\"_blank\" rel=\"noopener noreferrer\">Csepel FC &#8211; Csornai SE 2017-02-18<\/a><\/p>\n<p>2016<\/p>\n<p><a href=\"https:\/\/goo.gl\/photos\/EqA7G45tnfjseeWW6\" target=\"_blank\" rel=\"noopener noreferrer\">Csepel &#8211; Gy\u0151r 2016-02-27<\/a><\/p>\n<p><a href=\"https:\/\/goo.gl\/photos\/vdf328vawfckebjA8\" target=\"_blank\" rel=\"noopener noreferrer\">Csepel &#8211; Kom\u00e1rom 2016-10-22<\/a><\/p>\n<p>Kor\u00e1bbi szezonok k\u00e9pei:<\/p>\n<p><a href=\"http:\/\/csepelfc.gportal.hu\/gindex.php?pg=29208438\" target=\"_blank\" rel=\"noopener noreferrer\">2008 \u0151sz<\/a><\/p>\n<p><a href=\"http:\/\/csepelfc.gportal.hu\/gindex.php?pg=29472529\" target=\"_blank\" rel=\"noopener noreferrer\">2009 tavasz<\/a><\/p>\n<p><a href=\"http:\/\/csepelfc.gportal.hu\/gindex.php?pg=30708196\" target=\"_blank\" rel=\"noopener noreferrer\">2009 \u0151sz<\/a><\/p>\n<p><a href=\"http:\/\/csepelfc.gportal.hu\/gindex.php?pg=32193502\" target=\"_blank\" rel=\"noopener noreferrer\">2010 tavasz<\/a><\/p>\n<p><a href=\"http:\/\/csepelfc.gportal.hu\/gindex.php?pg=33077951\" target=\"_blank\" rel=\"noopener noreferrer\">2010 \u0151sz<\/a><\/p>\n<p><a href=\"http:\/\/csepelfc.gportal.hu\/gindex.php?pg=33870017\" target=\"_blank\" rel=\"noopener noreferrer\">2011 tavasz<\/a><\/p>\n<p><a href=\"http:\/\/csepelfc.gportal.hu\/gindex.php?pg=34361659\" target=\"_blank\" rel=\"noopener noreferrer\">2011 \u0151sz<\/a><\/p>\n<p><a href=\"http:\/\/csepelfc.gportal.hu\/gindex.php?pg=34907046\" target=\"_blank\" rel=\"noopener noreferrer\">2012 tavasz<\/a><\/p>\n<p><a href=\"http:\/\/csepelfc.gportal.hu\/gindex.php?pg=35225302\" target=\"_blank\" rel=\"noopener noreferrer\">2012 \u0151sz<\/a><\/p>\n<p><a href=\"http:\/\/csepelfc.gportal.hu\/gindex.php?pg=35609051\" target=\"_blank\" rel=\"noopener noreferrer\">2013 tavasz<\/a><\/p>\n<p><a href=\"https:\/\/plus.google.com\/u\/0\/photos\/109301093980294599726\/albums\" target=\"_blank\" rel=\"noopener noreferrer\">2013 \u0151sz<\/a><\/p>\n<p><a href=\"https:\/\/plus.google.com\/u\/0\/photos\/109301093980294599726\/albums\" target=\"_blank\" rel=\"noopener noreferrer\">2014 tavasz<\/a><\/p>\n<p><a href=\"https:\/\/plus.google.com\/photos\/114749937536897416593\/albums\" target=\"_blank\" rel=\"noopener noreferrer\">2014 \u0151sz<\/a><\/p>\n<p><a href=\"https:\/\/plus.google.com\/u\/0\/photos\/108517272857798818388\/albums\" target=\"_blank\" rel=\"noopener noreferrer\">2015 \u0151sz<\/a><\/p>\n","protected":false},"excerpt":{"rendered":"<div class=\"mh-excerpt\"><p>2018 Csepel FC &#8211; Andr\u00e1shida SC 2018-06-03 Csepel FC &#8211; P\u00e9nz\u00fcgy\u0151r SE 2018-04-28 2017 Csepel FC &#8211; Gy\u0151ri ETO 2017-06-04 III. Ker\u00fclet TVE &#8211; Csepel FC 2017-04-15 Csepel FC &#8211; <a class=\"mh-excerpt-more\" href=\"http:\/\/csepelfc.hu\/index.php\/galeria\/\" title=\"Gal\u00e9ria\">[tov\u00e1bb&#8230;]<\/a><\/p>\n<\/div>","protected":false},"author":1,"featured_media":0,"parent":0,"menu_order":0,"comment_status":"closed","ping_status":"closed","template":"","meta":[],"jetpack_sharing_enabled":true,"jetpack_shortlink":"https:\/\/wp.me\/P83FEU-w","_links":{"self":[{"href":"http:\/\/csepelfc.hu\/index.php\/wp-json\/wp\/v2\/pages\/32"}],"collection":[{"href":"http:\/\/csepelfc.hu\/index.php\/wp-json\/wp\/v2\/pages"}],"about":[{"href":"http:\/\/csepelfc.hu\/index.php\/wp-json\/wp\/v2\/types\/page"}],"author":[{"embeddable":true,"href":"http:\/\/csepelfc.hu\/index.php\/wp-json\/wp\/v2\/users\/1"}],"replies":[{"embeddable":true,"href":"http:\/\/csepelfc.hu\/index.php\/wp-json\/wp\/v2\/comments?post=32"}],"version-history":[{"count":19,"href":"http:\/\/csepelfc.hu\/index.php\/wp-json\/wp\/v2\/pages\/32\/revisions"}],"predecessor-version":[{"id":2869,"href":"http:\/\/csepelfc.hu\/index.php\/wp-json\/wp\/v2\/pages\/32\/revisions\/2869"}],"wp:attachment":[{"href":"http:\/\/csepelfc.hu\/index.php\/wp-json\/wp\/v2\/media?parent=32"}],"curies":[{"name":"wp","href":"https:\/\/api.w.org\/{rel}","templated":true}]}}