{"id":317,"date":"2016-11-02T20:03:04","date_gmt":"2016-11-02T19:03:04","guid":{"rendered":"http:\/\/csepelfc.hu\/wp\/?page_id=317"},"modified":"2016-11-02T20:03:04","modified_gmt":"2016-11-02T19:03:04","slug":"statisztika-2007-2010","status":"publish","type":"page","link":"http:\/\/csepelfc.hu\/index.php\/statisztika-2007-2010\/","title":{"rendered":"Statisztika 2007-2010"},"content":{"rendered":"<p>A CSEPEL FC LABDAR\u00daG\u00d3CSAPAT\u00c1NAK<\/p>\n<p>H\u00c1ROM BAJNOKI ID\u00c9NYE<\/p>\n<p>AZ NB III DUNA CSOPORTJ\u00c1BAN<\/p>\n<p>&nbsp;<\/p>\n<p>A Csepel FC csapata, miut\u00e1n 2007-ben bajnok lett a BLSZ I. oszt\u00e1lyban, felker\u00fclt<\/p>\n<p>az NB III-ba, ahol h\u00e1rom id\u00e9nyen \u00e1t a Duna csoportban szerepelt.<\/p>\n<p>Mind a h\u00e1rom alkalommal a k\u00f6z\u00e9pmez\u0151nyben v\u00e9gzett, kies\u00e9si gondjai nem voltak, de az \u00e9lmez\u0151nybe nem siker\u00fclt beker\u00fclni.<\/p>\n<p>\u00d6ssze\u00e1ll\u00edt\u00e1somban a h\u00e1rom bajnoki id\u00e9nyben ny\u00fajtott teljes\u00edtm\u00e9nyt mutatom be sokf\u00e9le megk\u00f6zel\u00edt\u00e9sben, k\u00fcl\u00f6nb\u00f6z\u0151 mutat\u00f3k alapj\u00e1n.<\/p>\n<p>&nbsp;<\/p>\n<p>EREDM\u00c9NYESS\u00c9GI MUTAT\u00d3K A 3 BAJNOKI ID\u00c9NYBEN<\/p>\n<p>&nbsp;<\/p>\n<p>TELJES ID\u00c9NYEK<\/p>\n<table>\n<tbody>\n<tr>\n<td>ID\u00c9NY<\/td>\n<td>HELY<\/td>\n<td>MECCS<\/td>\n<td>GY<\/td>\n<td>D<\/td>\n<td>V<\/td>\n<td colspan=\"2\">G\u00d3LOK<\/td>\n<td>PONT<\/td>\n<td>%<\/td>\n<\/tr>\n<tr>\n<td>&nbsp;<\/td>\n<td>&nbsp;<\/td>\n<td>&nbsp;<\/td>\n<td>&nbsp;<\/td>\n<td>&nbsp;<\/td>\n<td>&nbsp;<\/td>\n<td>&nbsp;<\/td>\n<td>&nbsp;<\/td>\n<td>&nbsp;<\/td>\n<td>&nbsp;<\/td>\n<\/tr>\n<tr>\n<td>2007\/08<\/td>\n<td>8.<\/td>\n<td>30<\/td>\n<td>10<\/td>\n<td>13<\/td>\n<td>7<\/td>\n<td>38<\/td>\n<td>29<\/td>\n<td>43<\/td>\n<td>48<\/td>\n<\/tr>\n<tr>\n<td>2008\/09<\/td>\n<td>9.<\/td>\n<td>30<\/td>\n<td>10<\/td>\n<td>7<\/td>\n<td>13<\/td>\n<td>36<\/td>\n<td>43<\/td>\n<td>37<\/td>\n<td>41<\/td>\n<\/tr>\n<tr>\n<td>2009\/10<\/td>\n<td>7.<\/td>\n<td>26<\/td>\n<td>10<\/td>\n<td>5<\/td>\n<td>11<\/td>\n<td>42<\/td>\n<td>38<\/td>\n<td>35<\/td>\n<td>45<\/td>\n<\/tr>\n<\/tbody>\n<\/table>\n<p>&nbsp;<\/p>\n<p>Megjegyz\u00e9sek:<\/p>\n<p>&#8211; a legjobb teljes\u00edtm\u00e9nyt az els\u0151 id\u00e9nyben ny\u00fajtotta a csapat, a helyez\u00e9s viszont az utols\u00f3ban<\/p>\n<p>volt a legjobb;<\/p>\n<p>&#8211; mindh\u00e1rom id\u00e9nyben azonos volt a gy\u0151zelmek sz\u00e1ma;<\/p>\n<p>&#8211; a k\u00e9t utols\u00f3 id\u00e9nyben t\u00f6bb volt a veres\u00e9g, mint a gy\u0151zelem;<\/p>\n<p>&#8211; az els\u0151 id\u00e9nyben kaptuk a legkevesebb g\u00f3lt, az utols\u00f3ban \u00e9rt\u00fck el a legt\u00f6bbet<\/p>\n<p>(pedig kevesebb volt az ellenf\u00e9l).<\/p>\n<p>&nbsp;<\/p>\n<p>\u0150SZI ID\u00c9NYEK<\/p>\n<p>&nbsp;<\/p>\n<table>\n<tbody>\n<tr>\n<td>ID\u00c9NY<\/td>\n<td>MECCS<\/td>\n<td>GY<\/td>\n<td>D<\/td>\n<td>V<\/td>\n<td colspan=\"2\">G\u00d3LOK<\/td>\n<td>PONT<\/td>\n<td>%<\/td>\n<\/tr>\n<tr>\n<td>&nbsp;<\/td>\n<td>&nbsp;<\/td>\n<td>&nbsp;<\/td>\n<td>&nbsp;<\/td>\n<td>&nbsp;<\/td>\n<td>&nbsp;<\/td>\n<td>&nbsp;<\/td>\n<td>&nbsp;<\/td>\n<td>&nbsp;<\/td>\n<\/tr>\n<tr>\n<td>2007\/08<\/td>\n<td>15<\/td>\n<td>4<\/td>\n<td>8<\/td>\n<td>3<\/td>\n<td>18<\/td>\n<td>16<\/td>\n<td>20<\/td>\n<td>44<\/td>\n<\/tr>\n<tr>\n<td>2008\/09<\/td>\n<td>15<\/td>\n<td>5<\/td>\n<td>5<\/td>\n<td>5<\/td>\n<td>16<\/td>\n<td>18<\/td>\n<td>20<\/td>\n<td>44<\/td>\n<\/tr>\n<tr>\n<td>2009\/10<\/td>\n<td>13<\/td>\n<td>5<\/td>\n<td>3<\/td>\n<td>5<\/td>\n<td>22<\/td>\n<td>21<\/td>\n<td>18<\/td>\n<td>46<\/td>\n<\/tr>\n<\/tbody>\n<\/table>\n<p>&nbsp;<\/p>\n<p>TAVASZI ID\u00c9NYEK<\/p>\n<p>&nbsp;<\/p>\n<table>\n<tbody>\n<tr>\n<td>ID\u00c9NY<\/td>\n<td>MECCS<\/td>\n<td>GY<\/td>\n<td>D<\/td>\n<td>V<\/td>\n<td colspan=\"2\">G\u00d3LOK<\/td>\n<td>PONT<\/td>\n<td>%<\/td>\n<\/tr>\n<tr>\n<td>&nbsp;<\/td>\n<td>&nbsp;<\/td>\n<td>&nbsp;<\/td>\n<td>&nbsp;<\/td>\n<td>&nbsp;<\/td>\n<td>&nbsp;<\/td>\n<td>&nbsp;<\/td>\n<td>&nbsp;<\/td>\n<td>&nbsp;<\/td>\n<\/tr>\n<tr>\n<td>2007\/08<\/td>\n<td>15<\/td>\n<td>6<\/td>\n<td>5<\/td>\n<td>4<\/td>\n<td>20<\/td>\n<td>13<\/td>\n<td>23<\/td>\n<td>51<\/td>\n<\/tr>\n<tr>\n<td>2008\/09<\/td>\n<td>15<\/td>\n<td>5<\/td>\n<td>2<\/td>\n<td>8<\/td>\n<td>20<\/td>\n<td>25<\/td>\n<td>17<\/td>\n<td>38<\/td>\n<\/tr>\n<tr>\n<td>2009\/10<\/td>\n<td>13<\/td>\n<td>5<\/td>\n<td>2<\/td>\n<td>6<\/td>\n<td>20<\/td>\n<td>17<\/td>\n<td>17<\/td>\n<td>44<\/td>\n<\/tr>\n<\/tbody>\n<\/table>\n<p>&nbsp;<\/p>\n<p>Megjegyz\u00e9sek:<\/p>\n<p>&#8211; \u0151sszel \u00e9s tavasszal is az els\u0151 id\u00e9nyben volt t\u00f6bb gy\u0151zelm\u00fcnk, mint veres\u00e9g\u00fcnk;<\/p>\n<p>&#8211; \u0151sszel mindig t\u00f6bb volt a d\u00f6ntetlen, mint tavasszal;<\/p>\n<p>&#8211; tavasszal mindh\u00e1rom id\u00e9nyben ugyanannyi g\u00f3lt \u00e9rt\u00fcnk el;<\/p>\n<p>&#8211; a leggyeng\u00e9bb f\u00e9l id\u00e9ny\u00fcnk 2009 tavasz\u00e1n volt.<\/p>\n<p>&nbsp;<\/p>\n<p>SZEREPL\u00c9S HAZAI P\u00c1LY\u00c1N<\/p>\n<p>&nbsp;<\/p>\n<table>\n<tbody>\n<tr>\n<td>ID\u00c9NY<\/td>\n<td>MECCS<\/td>\n<td>GY<\/td>\n<td>D<\/td>\n<td>V<\/td>\n<td colspan=\"2\">G\u00d3LOK<\/td>\n<td>PONT<\/td>\n<td>%<\/td>\n<\/tr>\n<tr>\n<td>&nbsp;<\/td>\n<td>&nbsp;<\/td>\n<td>&nbsp;<\/td>\n<td>&nbsp;<\/td>\n<td>&nbsp;<\/td>\n<td>&nbsp;<\/td>\n<td>&nbsp;<\/td>\n<td>&nbsp;<\/td>\n<td>&nbsp;<\/td>\n<\/tr>\n<tr>\n<td>2007\/08<\/td>\n<td>15<\/td>\n<td>7<\/td>\n<td>6<\/td>\n<td>2<\/td>\n<td>24<\/td>\n<td>9<\/td>\n<td>27<\/td>\n<td>60<\/td>\n<\/tr>\n<tr>\n<td>2008\/09<\/td>\n<td>15<\/td>\n<td>4<\/td>\n<td>5<\/td>\n<td>6<\/td>\n<td>19<\/td>\n<td>19<\/td>\n<td>17<\/td>\n<td>38<\/td>\n<\/tr>\n<tr>\n<td>2009\/10<\/td>\n<td>13<\/td>\n<td>4<\/td>\n<td>3<\/td>\n<td>6<\/td>\n<td>21<\/td>\n<td>20<\/td>\n<td>15<\/td>\n<td>38<\/td>\n<\/tr>\n<\/tbody>\n<\/table>\n<p>&nbsp;<\/p>\n<p>SZEREPL\u00c9S IDEGENBEN<\/p>\n<p>&nbsp;<\/p>\n<table>\n<tbody>\n<tr>\n<td>ID\u00c9NY<\/td>\n<td>MECCS<\/td>\n<td>GY<\/td>\n<td>D<\/td>\n<td>V<\/td>\n<td colspan=\"2\">G\u00d3LOK<\/td>\n<td>PONT<\/td>\n<td>%<\/td>\n<\/tr>\n<tr>\n<td>&nbsp;<\/td>\n<td>&nbsp;<\/td>\n<td>&nbsp;<\/td>\n<td>&nbsp;<\/td>\n<td>&nbsp;<\/td>\n<td>&nbsp;<\/td>\n<td>&nbsp;<\/td>\n<td>&nbsp;<\/td>\n<td>&nbsp;<\/td>\n<\/tr>\n<tr>\n<td>2007\/08<\/td>\n<td>15<\/td>\n<td>3<\/td>\n<td>7<\/td>\n<td>5<\/td>\n<td>14<\/td>\n<td>20<\/td>\n<td>16<\/td>\n<td>36<\/td>\n<\/tr>\n<tr>\n<td>2008\/09<\/td>\n<td>15<\/td>\n<td>6<\/td>\n<td>2<\/td>\n<td>7<\/td>\n<td>17<\/td>\n<td>24<\/td>\n<td>20<\/td>\n<td>44<\/td>\n<\/tr>\n<tr>\n<td>2009\/10<\/td>\n<td>13<\/td>\n<td>6<\/td>\n<td>2<\/td>\n<td>5<\/td>\n<td>21<\/td>\n<td>18<\/td>\n<td>20<\/td>\n<td>51<\/td>\n<\/tr>\n<\/tbody>\n<\/table>\n<p>&nbsp;<\/p>\n<p>Megjegyz\u00e9sek:<\/p>\n<p>&#8211; hazai p\u00e1ly\u00e1n k\u00e9t id\u00e9nyben is t\u00f6bb volt a veres\u00e9g, mint a gy\u0151zelem;<\/p>\n<p>&#8211; idegenben az utols\u00f3 id\u00e9nyben lett pozit\u00edv a m\u00e9rleg\u00fcnk;<\/p>\n<p>&#8211; hazai p\u00e1ly\u00e1n toronymagasan az els\u0151 volt a legsikeresebb id\u00e9ny\u00fcnk;<\/p>\n<p>&#8211; az utols\u00f3 id\u00e9nyben ugyanannyi g\u00f3lt szerezt\u00fcnk otthon, mint idegenben.<\/p>\n<p>&nbsp;<\/p>\n<p>EREDM\u00c9NYEK BUDAPESTI CSAPATOK ELLEN<\/p>\n<p>&nbsp;<\/p>\n<table>\n<tbody>\n<tr>\n<td>ID\u00c9NY<\/td>\n<td>MECCS<\/td>\n<td>GY<\/td>\n<td>D<\/td>\n<td>V<\/td>\n<td colspan=\"2\">G\u00d3LOK<\/td>\n<td>PONT<\/td>\n<td>%<\/td>\n<\/tr>\n<tr>\n<td>&nbsp;<\/td>\n<td>&nbsp;<\/td>\n<td>&nbsp;<\/td>\n<td>&nbsp;<\/td>\n<td>&nbsp;<\/td>\n<td>&nbsp;<\/td>\n<td>&nbsp;<\/td>\n<td>&nbsp;<\/td>\n<td>&nbsp;<\/td>\n<\/tr>\n<tr>\n<td>2007\/08<\/td>\n<td>8<\/td>\n<td>3<\/td>\n<td>&#8211;<\/td>\n<td>5<\/td>\n<td>13<\/td>\n<td>13<\/td>\n<td>9<\/td>\n<td>38<\/td>\n<\/tr>\n<tr>\n<td>2008\/09<\/td>\n<td>8<\/td>\n<td>3<\/td>\n<td>&#8211;<\/td>\n<td>5<\/td>\n<td>12<\/td>\n<td>14<\/td>\n<td>9<\/td>\n<td>38<\/td>\n<\/tr>\n<tr>\n<td>2009\/10<\/td>\n<td>10<\/td>\n<td>2<\/td>\n<td>1<\/td>\n<td>7<\/td>\n<td>11<\/td>\n<td>19<\/td>\n<td>7<\/td>\n<td>23<\/td>\n<\/tr>\n<\/tbody>\n<\/table>\n<p>&nbsp;<\/p>\n<p>EREDM\u00c9NYEK VID\u00c9KI CSAPATOK ELLEN<\/p>\n<p>&nbsp;<\/p>\n<table>\n<tbody>\n<tr>\n<td>ID\u00c9NY<\/td>\n<td>MECCS<\/td>\n<td>GY<\/td>\n<td>D<\/td>\n<td>V<\/td>\n<td colspan=\"2\">G\u00d3LOK<\/td>\n<td>PONT<\/td>\n<td>%<\/td>\n<\/tr>\n<tr>\n<td>&nbsp;<\/td>\n<td>&nbsp;<\/td>\n<td>&nbsp;<\/td>\n<td>&nbsp;<\/td>\n<td>&nbsp;<\/td>\n<td>&nbsp;<\/td>\n<td>&nbsp;<\/td>\n<td>&nbsp;<\/td>\n<td>&nbsp;<\/td>\n<\/tr>\n<tr>\n<td>2007\/08<\/td>\n<td>22<\/td>\n<td>7<\/td>\n<td>13<\/td>\n<td>2<\/td>\n<td>25<\/td>\n<td>16<\/td>\n<td>34<\/td>\n<td>52<\/td>\n<\/tr>\n<tr>\n<td>2008\/09<\/td>\n<td>22<\/td>\n<td>7<\/td>\n<td>7<\/td>\n<td>8<\/td>\n<td>24<\/td>\n<td>29<\/td>\n<td>28<\/td>\n<td>42<\/td>\n<\/tr>\n<tr>\n<td>2009\/10<\/td>\n<td>16<\/td>\n<td>8<\/td>\n<td>4<\/td>\n<td>4<\/td>\n<td>31<\/td>\n<td>19<\/td>\n<td>28<\/td>\n<td>58<\/td>\n<\/tr>\n<\/tbody>\n<\/table>\n<p>&nbsp;<\/p>\n<p>Megjegyz\u00e9sek:<\/p>\n<p>&#8211; a budapesti csapatok ellen minden id\u00e9nyben negat\u00edv a m\u00e9rleg, k\u00fcl\u00f6n\u00f6sen az utols\u00f3ban;<\/p>\n<p>&#8211; a vid\u00e9ki csapatok ellen k\u00e9t id\u00e9nyben nagyon j\u00f3l szerepelt a csapat.<\/p>\n<p>&nbsp;<\/p>\n<p>EREDM\u00c9NYEINK 28 CSAPAT ELLEN<\/p>\n<p>&nbsp;<\/p>\n<p>A 3 bajnoki id\u00e9nyben 28 csapat ellen m\u00e9rk\u0151z\u00f6tt a Csepel FC.<\/p>\n<p>&nbsp;<\/p>\n<p>Mindh\u00e1rom id\u00e9nyben: 5 csapattal (P\u00e9nz\u00fcgy\u0151r, Dorog, S\u00e1ris\u00e1p, T\u00f6r\u00f6kb\u00e1lint, M\u00f3r)<\/p>\n<p>K\u00e9t id\u00e9nyben: 5 csapattal (Budafok, III. Ker\u00fclet, Dunaharaszti, Si\u00f3fok II, Feh\u00e9rv\u00e1r II)<\/p>\n<p>Egy id\u00e9nyben: 18 csapattal<\/p>\n<p>&nbsp;<\/p>\n<p>Pozit\u00edv m\u00e9rleg 8 csapattal szemben: Dorog, S\u00e1ris\u00e1p, T\u00f6r\u00f6kb\u00e1lint, Zs\u00e1mb\u00e9k, K\u00f6rnye, Budakal\u00e1sz, Si\u00f3fok II, Csillaghegy<\/p>\n<p>D\u00f6ntetlen m\u00e9rleg 11 csapattal szemben: P\u00e9nz\u00fcgy\u0151r, Budafok, Er\u0151m\u0171, M\u00f3r, Balatonlelle, T\u00f6k\u00f6l, Martonv\u00e1s\u00e1r, Tata, Tatab\u00e1nya II, Feh\u00e9rv\u00e1r II, Velence<\/p>\n<p>Negat\u00edv m\u00e9rleg 9 csapattal szemben: III. Ker\u00fclet, \u00dajbuda, \u00dajpest B, R\u00e1koscsaba, Soroks\u00e1r, Dunaharaszti, \u00c9rd, Szigetszentmikl\u00f3s, Sz\u00e1zhalombatta<\/p>\n<p>&nbsp;<\/p>\n<p>100%-os m\u00e9rleg 2 csapattal szemben: Csillaghegy, Zs\u00e1mb\u00e9k<\/p>\n<p>0%-os m\u00e9rleg 5 csapattal szemben: III. Ker\u00fclet, \u00dajpest B, \u00dajbuda, Szigetszentmikl\u00f3s, Soroks\u00e1r<\/p>\n<p>&nbsp;<\/p>\n<p>Veretlenek maradtunk 7 csapat ellen.<\/p>\n<p>Nyeretlenek maradtunk 11 csapat ellen.<\/p>\n<p>&nbsp;<\/p>\n<p>A legt\u00f6bb pontot a k\u00f6vetkez\u0151 csapatok ellen szerezt\u00fck: Dorog 14, S\u00e1ris\u00e1p 11, T\u00f6r\u00f6kb\u00e1lint 9, P\u00e9nz\u00fcgy\u0151r 9, Si\u00f3fok II 8, M\u00f3r 7, Budafok 6, Csillaghegy 6.<\/p>\n<p>0 pontosak voltunk a k\u00f6vetkez\u0151 csapatok ellen: III. Ker\u00fclet, \u00dajbuda, \u00dajpest B, Szigetszentmikl\u00f3s, Soroks\u00e1r.<\/p>\n<p>&nbsp;<\/p>\n<p>86 M\u00c9RK\u0150Z\u00c9S EREDM\u00c9NYEI<\/p>\n<p>&nbsp;<\/p>\n<p>A 86 m\u00e9rk\u0151z\u00e9sen 24 f\u00e9le eredm\u00e9ny sz\u00fcletett.<\/p>\n<p>Ezek gyakoris\u00e1ga a k\u00f6vetkez\u0151 volt:<\/p>\n<p>&nbsp;<\/p>\n<table>\n<tbody>\n<tr>\n<td>Gy\u0151zelmek<\/td>\n<td>D\u00f6ntetlenek<\/td>\n<td>Veres\u00e9gek<\/td>\n<\/tr>\n<tr>\n<td>&nbsp;<\/td>\n<td>&nbsp;<\/td>\n<td>&nbsp;<\/td>\n<\/tr>\n<tr>\n<td>1-0: 5<\/td>\n<td>0-0: 13<\/td>\n<td>0-1: 6<\/td>\n<\/tr>\n<tr>\n<td>2-0: 4<\/td>\n<td>1-1: 8<\/td>\n<td>0-2: 6<\/td>\n<\/tr>\n<tr>\n<td>3-0: 5<\/td>\n<td>2-2: 4<\/td>\n<td>0-3: 3<\/td>\n<\/tr>\n<tr>\n<td>4-0: 1<\/td>\n<td>&nbsp;<\/td>\n<td>0-4: 1<\/td>\n<\/tr>\n<tr>\n<td>2-1: 5<\/td>\n<td>&nbsp;<\/td>\n<td>1-2: 8<\/td>\n<\/tr>\n<tr>\n<td>3-1: 3<\/td>\n<td>&nbsp;<\/td>\n<td>1-3: 3<\/td>\n<\/tr>\n<tr>\n<td>4-1: 1<\/td>\n<td>&nbsp;<\/td>\n<td>1-4: 1<\/td>\n<\/tr>\n<tr>\n<td>5-1: 2<\/td>\n<td>&nbsp;<\/td>\n<td>2-4: 1<\/td>\n<\/tr>\n<tr>\n<td>3-2: 2<\/td>\n<td>&nbsp;<\/td>\n<td>2-6: 1<\/td>\n<\/tr>\n<tr>\n<td>4-2: 1<\/td>\n<td>&nbsp;<\/td>\n<td>4-5: 1<\/td>\n<\/tr>\n<tr>\n<td>5-2: 1<\/td>\n<td>&nbsp;<\/td>\n<td>&nbsp;<\/td>\n<\/tr>\n<tr>\n<td>30 gy\u0151zelem,<\/p>\n<p>11 f\u00e9le eredm\u00e9ny<\/td>\n<td>25 d\u00f6ntetlen,<\/p>\n<p>3 f\u00e9le eredm\u00e9ny<\/td>\n<td>31 veres\u00e9g,<\/p>\n<p>10 f\u00e9le eredm\u00e9ny<\/td>\n<\/tr>\n<\/tbody>\n<\/table>\n<p>&nbsp;<\/p>\n<p>LEGNAGYOBB AR\u00c1NY\u00da<\/p>\n<p>&nbsp;<\/p>\n<p>GY\u0150ZELMEK\u00a0\u00a0\u00a0\u00a0\u00a0\u00a0\u00a0\u00a0\u00a0\u00a0\u00a0\u00a0\u00a0\u00a0\u00a0\u00a0\u00a0\u00a0\u00a0\u00a0\u00a0\u00a0\u00a0\u00a0\u00a0\u00a0\u00a0\u00a0\u00a0\u00a0\u00a0\u00a0\u00a0\u00a0\u00a0\u00a0\u00a0\u00a0\u00a0\u00a0\u00a0 VERES\u00c9GEK<\/p>\n<p>&nbsp;<\/p>\n<p>2007\/08: P\u00e9nz\u00fcgy\u0151r 4-0\u00a0\u00a0\u00a0\u00a0\u00a0\u00a0\u00a0\u00a0\u00a0\u00a0\u00a0\u00a0\u00a0\u00a0\u00a0\u00a0\u00a0\u00a0\u00a0\u00a0\u00a0\u00a0\u00a0\u00a0\u00a0\u00a0\u00a0\u00a0\u00a0\u00a0\u00a0\u00a0\u00a0\u00a0\u00a0\u00a0\u00a0\u00a0\u00a0\u00a0\u00a0\u00a0\u00a0 Budafok 2-6<\/p>\n<p>2008\/09: Csillaghegy 5-1\u00a0\u00a0\u00a0\u00a0\u00a0\u00a0\u00a0\u00a0\u00a0\u00a0\u00a0\u00a0\u00a0\u00a0\u00a0\u00a0\u00a0\u00a0\u00a0\u00a0\u00a0\u00a0\u00a0\u00a0\u00a0\u00a0\u00a0\u00a0\u00a0\u00a0\u00a0\u00a0\u00a0\u00a0\u00a0\u00a0\u00a0\u00a0\u00a0\u00a0\u00a0 Dunaharaszti 0-4<\/p>\n<p>2009\/10: S\u00e1ris\u00e1p 5-1\u00a0\u00a0\u00a0\u00a0\u00a0\u00a0\u00a0\u00a0\u00a0\u00a0\u00a0\u00a0\u00a0\u00a0\u00a0\u00a0\u00a0\u00a0\u00a0\u00a0\u00a0\u00a0\u00a0\u00a0\u00a0\u00a0\u00a0\u00a0\u00a0\u00a0\u00a0\u00a0\u00a0\u00a0\u00a0\u00a0\u00a0\u00a0\u00a0\u00a0\u00a0\u00a0\u00a0\u00a0\u00a0\u00a0\u00a0\u00a0 \u00dajpest B 1-4<\/p>\n<p>&nbsp;<\/p>\n<p>mind hazai p\u00e1ly\u00e1n\u00a0\u00a0\u00a0\u00a0\u00a0\u00a0 \u00a0\u00a0\u00a0\u00a0\u00a0\u00a0\u00a0\u00a0\u00a0\u00a0\u00a0\u00a0\u00a0\u00a0\u00a0\u00a0\u00a0\u00a0\u00a0\u00a0\u00a0\u00a0\u00a0\u00a0\u00a0\u00a0\u00a0\u00a0\u00a0\u00a0\u00a0\u00a0mind idegenben<\/p>\n<p>&nbsp;<\/p>\n<p>J\u00c1T\u00c9KOSOK<\/p>\n<p>&nbsp;<\/p>\n<p>A h\u00e1rom bajnoki id\u00e9nyben 63 j\u00e1t\u00e9kos l\u00e9pett p\u00e1ly\u00e1ra csapatunkban. 9-en mindh\u00e1rom, 14-en k\u00e9t, 40-en egy id\u00e9nyben szerepeltek. 2007\/08-ban 35-en, 2008\/09-ben 31-en, 2009\/10-ben<\/p>\n<p>27-en kaptak lehet\u0151s\u00e9get.<\/p>\n<p>A kapuban 7-en \u00e1lltak, a mez\u0151nyben 56-an j\u00e1tszottak.<\/p>\n<p>A legt\u00f6bb m\u00e9rk\u0151z\u00e9se N\u00e9meth G\u00e1bornak volt, 76, m\u00edg hatan mind\u00f6ssze egy alkalommal szerepeltek.<\/p>\n<p>&nbsp;<\/p>\n<p>A LEGAL\u00c1BB 15 M\u00c9RK\u0150Z\u00c9SEN SZEREPELT J\u00c1T\u00c9KOSOK N\u00c9VSORA<\/p>\n<p>&nbsp;<\/p>\n<table>\n<tbody>\n<tr>\n<td>M\u00c9RK\u0150Z\u00c9SSZ\u00c1M<\/td>\n<td>BAJNOKI ID\u00c9NY<\/td>\n<td>N\u00c9V<\/td>\n<\/tr>\n<tr>\n<td>&nbsp;<\/td>\n<td>&nbsp;<\/td>\n<td>&nbsp;<\/td>\n<\/tr>\n<tr>\n<td>76<\/td>\n<td>3<\/td>\n<td>N\u00e9meth G.<\/td>\n<\/tr>\n<tr>\n<td>69<\/td>\n<td>3<\/td>\n<td>Borda<\/td>\n<\/tr>\n<tr>\n<td>67<\/td>\n<td>3<\/td>\n<td>Tepl\u00e1n<\/td>\n<\/tr>\n<tr>\n<td>67<\/td>\n<td>3<\/td>\n<td>Barbai<\/td>\n<\/tr>\n<tr>\n<td>61<\/td>\n<td>3<\/td>\n<td>Tusa<\/td>\n<\/tr>\n<tr>\n<td>59<\/td>\n<td>3<\/td>\n<td>Guba<\/td>\n<\/tr>\n<tr>\n<td>58<\/td>\n<td>3<\/td>\n<td>Sebesty\u00e9n<\/td>\n<\/tr>\n<tr>\n<td>53<\/td>\n<td>2<\/td>\n<td>Haraszk\u00f3<\/td>\n<\/tr>\n<tr>\n<td>46<\/td>\n<td>3<\/td>\n<td>Kem\u00e9nyv\u00e1ri<\/td>\n<\/tr>\n<tr>\n<td>43<\/td>\n<td>2<\/td>\n<td>Domokos<\/td>\n<\/tr>\n<tr>\n<td>42<\/td>\n<td>2<\/td>\n<td>Hasenauer<\/td>\n<\/tr>\n<tr>\n<td>40<\/td>\n<td>2<\/td>\n<td>Seb\u0151k<\/td>\n<\/tr>\n<tr>\n<td>31<\/td>\n<td>2<\/td>\n<td>Plausin<\/td>\n<\/tr>\n<tr>\n<td>30<\/td>\n<td>3<\/td>\n<td>Jerome<\/td>\n<\/tr>\n<tr>\n<td>29<\/td>\n<td>1<\/td>\n<td>Magyar<\/td>\n<\/tr>\n<tr>\n<td>28<\/td>\n<td>2<\/td>\n<td>Moldov\u00e1n<\/td>\n<\/tr>\n<tr>\n<td>27<\/td>\n<td>1<\/td>\n<td>Jarecsni<\/td>\n<\/tr>\n<tr>\n<td>25<\/td>\n<td>2<\/td>\n<td>Bajz\u00e1t<\/td>\n<\/tr>\n<tr>\n<td>22<\/td>\n<td>2<\/td>\n<td>Metzger<\/td>\n<\/tr>\n<tr>\n<td>20<\/td>\n<td>2<\/td>\n<td>Ivancs\u00f3<\/td>\n<\/tr>\n<tr>\n<td>19<\/td>\n<td>2<\/td>\n<td>S\u00f3skuthy<\/td>\n<\/tr>\n<tr>\n<td>18<\/td>\n<td>1<\/td>\n<td>Polg\u00e1r<\/td>\n<\/tr>\n<tr>\n<td>16<\/td>\n<td>1<\/td>\n<td>N\u00e9meth J.<\/td>\n<\/tr>\n<tr>\n<td>16<\/td>\n<td>1<\/td>\n<td>K\u00e1lm\u00e1n<\/td>\n<\/tr>\n<\/tbody>\n<\/table>\n<p>&nbsp;<\/p>\n<p>&nbsp;<\/p>\n<p>A LEGT\u00d6BB M\u00c9RK\u0150Z\u00c9SEN SZEREPELTEK CSAPATA<\/p>\n<p>&nbsp;<\/p>\n<p style=\"text-align: center;\">Jarecsni (27)<\/p>\n<p style=\"text-align: center;\">\n<p style=\"text-align: center;\">Tusa (21)\u00a0\u00a0\u00a0\u00a0\u00a0\u00a0\u00a0\u00a0\u00a0\u00a0 Borda (69)\u00a0\u00a0\u00a0\u00a0\u00a0\u00a0\u00a0\u00a0\u00a0\u00a0 Guba (59)\u00a0\u00a0\u00a0\u00a0 \u00a0\u00a0\u00a0\u00a0\u00a0Haraszk\u00f3 (53)<\/p>\n<p style=\"text-align: center;\">\n<p style=\"text-align: center;\">Tepl\u00e1n (67)\u00a0\u00a0\u00a0 Domokos (43)\u00a0\u00a0\u00a0\u00a0\u00a0\u00a0 N\u00e9meth G. (76)\u00a0\u00a0\u00a0 Kem\u00e9nyv\u00e1ri (46)<\/p>\n<p style=\"text-align: center;\">\n<p style=\"text-align: center;\">Sebesty\u00e9n (58)\u00a0\u00a0\u00a0\u00a0\u00a0\u00a0\u00a0\u00a0\u00a0\u00a0\u00a0\u00a0 Barbai (67)<\/p>\n<p>&nbsp;<\/p>\n<p>&nbsp;<\/p>\n<p>G\u00d3LSZERZ\u0150K<\/p>\n<p>&nbsp;<\/p>\n<p>A h\u00e1rom bajnoki id\u00e9ny 86 m\u00e9rk\u0151z\u00e9s\u00e9n el\u00e9rt 116 g\u00f3lunkon 25 j\u00e1t\u00e9kos osztozott, k\u00e9t alkalommal az ellenf\u00e9l \u00f6ng\u00f3lt v\u00e9tett.<\/p>\n<p>H\u00e1rom id\u00e9nyben 4, kett\u0151ben 9, egyben pedig 12 j\u00e1t\u00e9kosunk volt eredm\u00e9nyes.<\/p>\n<p>A g\u00f3lszerz\u0151k list\u00e1j\u00e1t nagy f\u00f6l\u00e9nnyel vezeti N\u00e9meth G\u00e1bor, aki mindh\u00e1rom id\u00e9nyben a csapat h\u00e1zi g\u00f3lkir\u00e1lya volt (a 2008\/09-es id\u00e9nyben Haraszk\u00f3val egy\u00fctt).<\/p>\n<p>&nbsp;<\/p>\n<p>LEGEREDM\u00c9NYESEBB G\u00d3LSZERZ\u0150INK<\/p>\n<p>&nbsp;<\/p>\n<table>\n<tbody>\n<tr>\n<td>G\u00d3LOK SZ\u00c1MA<\/td>\n<td>N\u00c9V<\/td>\n<\/tr>\n<tr>\n<td>&nbsp;<\/td>\n<td>&nbsp;<\/td>\n<\/tr>\n<tr>\n<td>23<\/td>\n<td>N\u00e9meth G.<\/td>\n<\/tr>\n<tr>\n<td>9<\/td>\n<td>Barbai, Sebety\u00e9n, Tepl\u00e1n<\/td>\n<\/tr>\n<tr>\n<td>7<\/td>\n<td>Guba<\/td>\n<\/tr>\n<tr>\n<td>6<\/td>\n<td>Borda, Haraszk\u00f3<\/td>\n<\/tr>\n<tr>\n<td>5<\/td>\n<td>Moldov\u00e1n, Magyar, Kosuth<\/td>\n<\/tr>\n<tr>\n<td>4<\/td>\n<td>Kem\u00e9nyv\u00e1ri, T\u00f3th, Polg\u00e1r<\/td>\n<\/tr>\n<tr>\n<td>3<\/td>\n<td>Seb\u0151k<\/td>\n<\/tr>\n<\/tbody>\n<\/table>\n<p>K\u00e9t g\u00f3lt n\u00e9gy, egyet h\u00e9t j\u00e1t\u00e9kos \u00e9rt el.<\/p>\n<p>Egyetlen j\u00e1t\u00e9kosunknak, Moldov\u00e1nnak siker\u00fclt egy m\u00e9rk\u0151z\u00e9sen a mesterh\u00e1rmas, a 2008\/09-es id\u00e9nyben, a Csillaghegy elleni 5-1-es gy\u0151zelem alkalm\u00e1b\u00f3l.<\/p>\n<p>K\u00e9t g\u00f3lt egy m\u00e9rk\u0151z\u00e9sen N\u00e9methnek h\u00e1romszor, Magyarnak k\u00e9tszer, Bord\u00e1nak, Barbainak \u00e9s Sebesty\u00e9nnek egyszer siker\u00fclt szerezni.<\/p>\n<p>\u00c9rdekes, hogy mindh\u00e1rom bajnoki id\u00e9nyben 14 g\u00f3lszerz\u0151nk volt.<\/p>\n<p>Id\u00e9nyenk\u00e9nt a legeredm\u00e9nyesebbek:<\/p>\n<p>2007\/08: N\u00e9meth 7, Magyar \u00e9s Borda 5-5, Polg\u00e1r 4 g\u00f3l<\/p>\n<p>2008\/09: N\u00e9meth \u00e9s Haraszk\u00f3 5-5, Tepl\u00e1n \u00e9s Guba 4-4 g\u00f3l<\/p>\n<p>2009\/10: N\u00e9meth 11, Sebesty\u00e9n 6, Barbai \u00e9s Kosuth 5-5 g\u00f3l<\/p>\n<p>&nbsp;<\/p>\n<p>A bajnoks\u00e1gon k\u00edv\u00fcl a csapat term\u00e9szetesen a Magyar Kup\u00e1ban is p\u00e1ly\u00e1ra l\u00e9pett \u00e9s az al\u00e1bbi eredm\u00e9nyeket \u00e9rte el:<\/p>\n<p>2007\/08: RAFC &#8211; Csepel\u00a0 3-4, Csepel \u2013 Bp.Honv\u00e9d II 1-3<\/p>\n<p>2008\/09: Rojik FC \u2013 Csepel \u00a00-1, \u00dajpest B \u2013 Csepel 4-2<\/p>\n<p>2009\/10: Rojik FC \u2013 Csepel \u00a00-8, Csepel \u2013 Soroks\u00e1r 5-1<\/p>\n<p>&nbsp;<\/p>\n<p>\u00d6ssze\u00e1ll\u00edtotta: S\u00e1rdi Lajos<\/p>\n<ol start=\"2010\">\n<li>j\u00falius<\/li>\n<\/ol>\n","protected":false},"excerpt":{"rendered":"<div class=\"mh-excerpt\"><p>A CSEPEL FC LABDAR\u00daG\u00d3CSAPAT\u00c1NAK H\u00c1ROM BAJNOKI ID\u00c9NYE AZ NB III DUNA CSOPORTJ\u00c1BAN &nbsp; A Csepel FC csapata, miut\u00e1n 2007-ben bajnok lett a BLSZ I. oszt\u00e1lyban, felker\u00fclt az NB III-ba, ahol <a class=\"mh-excerpt-more\" href=\"http:\/\/csepelfc.hu\/index.php\/statisztika-2007-2010\/\" title=\"Statisztika 2007-2010\">[tov\u00e1bb&#8230;]<\/a><\/p>\n<\/div>","protected":false},"author":1,"featured_media":0,"parent":0,"menu_order":0,"comment_status":"closed","ping_status":"closed","template":"","meta":[],"jetpack_sharing_enabled":true,"jetpack_shortlink":"https:\/\/wp.me\/P83FEU-57","_links":{"self":[{"href":"http:\/\/csepelfc.hu\/index.php\/wp-json\/wp\/v2\/pages\/317"}],"collection":[{"href":"http:\/\/csepelfc.hu\/index.php\/wp-json\/wp\/v2\/pages"}],"about":[{"href":"http:\/\/csepelfc.hu\/index.php\/wp-json\/wp\/v2\/types\/page"}],"author":[{"embeddable":true,"href":"http:\/\/csepelfc.hu\/index.php\/wp-json\/wp\/v2\/users\/1"}],"replies":[{"embeddable":true,"href":"http:\/\/csepelfc.hu\/index.php\/wp-json\/wp\/v2\/comments?post=317"}],"version-history":[{"count":1,"href":"http:\/\/csepelfc.hu\/index.php\/wp-json\/wp\/v2\/pages\/317\/revisions"}],"predecessor-version":[{"id":319,"href":"http:\/\/csepelfc.hu\/index.php\/wp-json\/wp\/v2\/pages\/317\/revisions\/319"}],"wp:attachment":[{"href":"http:\/\/csepelfc.hu\/index.php\/wp-json\/wp\/v2\/media?parent=317"}],"curies":[{"name":"wp","href":"https:\/\/api.w.org\/{rel}","templated":true}]}}