{"id":229,"date":"2016-10-30T21:48:15","date_gmt":"2016-10-30T20:48:15","guid":{"rendered":"http:\/\/csepelfc.hu\/wp\/?page_id=229"},"modified":"2016-11-02T19:38:07","modified_gmt":"2016-11-02T18:38:07","slug":"nagyjaink","status":"publish","type":"page","link":"http:\/\/csepelfc.hu\/index.php\/nagyjaink\/","title":{"rendered":"Nagyjaink"},"content":{"rendered":"<p><img loading=\"lazy\" class=\"alignleft wp-image-230 size-medium\" src=\"http:\/\/csepelfc.hu\/wp\/wp-content\/uploads\/2016\/10\/T\u00f3th-II-213x300.jpg\" alt=\"toth-ii\" width=\"213\" height=\"300\" srcset=\"http:\/\/csepelfc.hu\/wp-content\/uploads\/2016\/10\/T\u00f3th-II-213x300.jpg 213w, http:\/\/csepelfc.hu\/wp-content\/uploads\/2016\/10\/T\u00f3th-II.jpg 284w\" sizes=\"(max-width: 213px) 100vw, 213px\" \/><strong>T\u00f3th II J\u00f3zsef<\/strong><\/p>\n<p>1929. m\u00e1jus 16-\u00e1n a Vas megyei Mersev\u00e1ton sz\u00fcletett vil\u00e1gbajnoki ez\u00fcst\u00e9rmes, tizenk\u00e9tszeres v\u00e1logatott labdar\u00fag\u00f3, aki nem csup\u00e1n az 1954-es sv\u00e1jci vil\u00e1gbajnoks\u00e1gon szerepelt az akkor a m\u00e1sodik helyen v\u00e9gz\u0151 Aranycsapatban, hanem ugyanabban az \u00e9vben p\u00e1ly\u00e1ra l\u00e9pett a budapesti, Anglia elleni 7:1-es sikert eredm\u00e9nyez\u0151 m\u00e9rk\u0151z\u00e9sen &#8211; s\u0151t, azon a meccsen g\u00f3lt is szerzett.<\/p>\n<p>T\u00f3th II J\u00f3zsef\u00a0Csepelen lett futballista, tizenegy \u00e9ves kor\u00e1t\u00f3l a Weiss Manfr\u00e9d nev\u00e9t visel\u0151 gy\u00e1r csapat\u00e1nak k\u00f6ly\u00f6kj\u00e1t\u00e9kosa volt. Nevel\u0151edz\u0151je maga is h\u00edress\u00e9g volt:\u00a0R\u00f6kk Ed\u00e9t\u00a0a futballp\u00e1ly\u00e1k k\u00f6rny\u00e9k\u00e9n egykori v\u00e1logatott j\u00e1t\u00e9kosk\u00e9nt ismert\u00e9k, a m\u0171v\u00e9szvil\u00e1gban pedig az operettprimadonna, R\u00f6kk Marika testv\u00e9rek\u00e9nt szerett\u00e9k.<\/p>\n<p>T\u00f3th J\u00f3zsef tagja volt a Csepel 1946-ban orsz\u00e1gos bajnoki c\u00edmet nyert ifj\u00fas\u00e1gi g\u00e1rd\u00e1j\u00e1nak, majd 1948-ban bemutatkozott az \u00e9lvonalban is. Az id\u0151k\u00f6zben t\u00f6bbsz\u00f6r is nevet v\u00e1lt\u00f3 gy\u00e1ri csapatban az 1958-59-es id\u00e9nyben \u00e9rte el legnagyobb siker\u00e9t: az NB I bajnoka lett a\u00a0Bak\u00f3 B\u00e9la &#8211; Bulla J\u00f3zsef, K\u00f3czi\u00e1n I Antal, Tak\u00e1cs Gy\u00f6rgy &#8211; Ughy Tibor, Kleib\u00e1n Antal &#8211; T\u00f3th II J\u00f3zsef, Kisuczky R\u00f3bert, Gondos Tibor, P\u00e1l II Tibor, N\u00e9meth Ferenc\u00a0\u00f6sszet\u00e9tel\u0171 alaptizeneggyel. A k\u00f6vetkez\u0151 szezonban j\u00e1tszott a Bajnokcsapatok Eur\u00f3pa-kup\u00e1j\u00e1ban is. 1948 \u00e9s 1961 k\u00f6z\u00f6tt 296 bajnoki m\u00e9rk\u0151z\u00e9sen 78 g\u00f3lt l\u0151tt.<\/p>\n<p>Az Aranycsapatban 1953 \u00e9s 1957 k\u00f6z\u00f6tt 12 m\u00e9rk\u0151z\u00e9sen \u00f6t g\u00f3lt szerzett. J\u00e1tszott az 1954-es, angolok elleni, budapesti 7:1-en, s a berni vil\u00e1gbajnoks\u00e1g els\u0151 n\u00e9metek ellni m\u00e9rk\u0151z\u00e9s\u00e9n \u00e9s a brazilok elleni \u00fctk\u00f6zetben is. Mindezek mellett szerepelt a B-, az ut\u00e1np\u00f3tl\u00e1s- \u00e9s a Budapest-v\u00e1logatottban is. J\u00e1t\u00e9kos-p\u00e1lyafut\u00e1sa alatt mindv\u00e9gig a Csepel Vas- \u00e9s F\u00e9mm\u0171vek dolgoz\u00f3ja is volt.<\/p>\n<p>1964-ben edz\u0151i diplom\u00e1t szerzett, 1964 \u00e9s 1967 k\u00f6z\u00f6tt a Kaposv\u00e1ri R\u00e1k\u00f3czi, majd a k\u00f6vetkez\u0151 h\u00e1rom \u00e9vben a P\u00e1pai Textiles edz\u0151je volt. Imm\u00e1r h\u00fasz \u00e9ve nyugd\u00edjas, 1989-ig a csepeli gy\u00e1r sz\u00e1ll\u00edt\u00e1si ir\u00e1ny\u00edt\u00f3ja volt.<\/p>\n<p>(Forr\u00e1s:\u00a0http:\/\/www.mlsz.hu)<\/p>\n<p style=\"text-align: center;\"><iframe loading=\"lazy\" src=\"https:\/\/www.youtube.com\/embed\/kzN-i5515jI\" width=\"480\" height=\"360\" frameborder=\"0\" allowfullscreen=\"allowfullscreen\"><\/iframe><\/p>\n<hr \/>\n<p><img loading=\"lazy\" class=\"alignleft\" style=\"float: left;\" src=\"http:\/\/www.mob.hu\/images\/sportagak\/labdarugas\/fater.jpg\" width=\"320\" height=\"240\" \/><strong>Fat\u00e9r K\u00e1roly<\/strong> 1940. \u00e1prilis 9-\u00e9n sz\u00fcletett Ny\u00edrlakon (Zala v\u00e1rmegye). Labdar\u00fag\u00f3. 1952-ben a Budapesti D\u00f3zs\u00e1ban kezdi p\u00e1lyafut\u00e1s\u00e1t, nevel\u0151edz\u0151je Balogh Istv\u00e1n. 1957-ben sport\u00e1gat v\u00e1lt, a Tipogr\u00e1fia Testedz\u0151 Egyes\u00fclet tornaszakoszt\u00e1ly\u00e1nak edz\u00e9seit l\u00e1togatja.<\/p>\n<p>1958-ban visszat\u00e9r a labdar\u00fag\u00e1shoz, a P\u00e9nz\u00fcgy\u0151rh\u00f6z igazol. 1963-t\u00f3l a Csepel SC kapusa, 1974-ig 199 bajnoki m\u00e9rk\u0151z\u00e9s r\u00e9szese. 1975-t\u0151l a Budafoki MTE, 1978-t\u00f3l a Fajszi TSZSK, v\u00e9g\u00fcl 1981-t\u0151l \u201984-ig a D\u00e1nyi TSZSK kapusa. 1968. m\u00e1jus 4-\u00e9n Budapesten a Szovjetuni\u00f3 elleni 2:0-s m\u00e9rk\u0151z\u00e9sen szerepel a nagyv\u00e1logatottban.<\/p>\n<p>Az 1968-as mexik\u00f3i olimpia bajnoka.<\/p>\n<p>A Testnevel\u00e9si F\u0151iskola Tov\u00e1bbk\u00e9pz\u0151 Int\u00e9zet\u00e9ben szerez edz\u0151i v\u00e9gzetts\u00e9get. 1974-t\u0151l a Csepel ifj\u00fas\u00e1gi edz\u0151je. 1976-t\u00f3l v\u00e1llalkoz\u00f3. 2000-t\u0151l 2001-ig a n\u0151i ut\u00e1np\u00f3tl\u00e1s-v\u00e1logatott \u00e9s a Renova Sportegyes\u00fclet, 2001-t\u0151l 2002-ig az \u00dajpesti Torna Egylet kapusedz\u0151je.<\/p>\n<p>(Forr\u00e1s: Magyar Olimpiai Lexikon)<\/p>\n<hr \/>\n<p><img loading=\"lazy\" class=\"alignleft wp-image-231 size-medium\" src=\"http:\/\/csepelfc.hu\/wp\/wp-content\/uploads\/2016\/10\/1270059222_03-216x300.jpg\" alt=\"1270059222_03\" width=\"216\" height=\"300\" srcset=\"http:\/\/csepelfc.hu\/wp-content\/uploads\/2016\/10\/1270059222_03-216x300.jpg 216w, http:\/\/csepelfc.hu\/wp-content\/uploads\/2016\/10\/1270059222_03.jpg 288w\" sizes=\"(max-width: 216px) 100vw, 216px\" \/><\/p>\n<p><strong>Keszthelyi Mih\u00e1ly<\/strong>,\u00a0sz\u00fcletett Keszli, (Budapest,\u00a01922.\u00a0december 11.\u00a0\u2013\u00a0Budapest,\u00a02000.\u00a0m\u00e1rcius 11.) v\u00e1logatott labdar\u00fag\u00f3, csat\u00e1r, majd edz\u0151.<\/p>\n<p>1937-ben a Csepeli MOVE csapat\u00e1ban kezdte a labdar\u00fag\u00e1st. 1941-ben igazolt a WMFC Csepelhez. 1942-ben \u00e9s 1943-ban bajnok lett a csapattal, majd a m\u00e1sodik vil\u00e1gh\u00e1bor\u00fa ut\u00e1n 1948-ban is tagja volt a bajnokcsapatnak. 1957-ben vonult vissza az akt\u00edv labdar\u00fag\u00e1st\u00f3l.<br \/>\n1946 \u00e9s 1953 k\u00f6z\u00f6tt 6 alkalommal szerepelt a v\u00e1logatottban \u00e9s 1 g\u00f3lt szerzett. \u00d6tsz\u00f6r\u00f6s B-v\u00e1logatott (1945\u201349, 8 g\u00f3l), h\u00e9tszeres egy\u00e9b v\u00e1logatott (1945\u201350, 1 g\u00f3l).<br \/>\n1957-t\u0151l edz\u0151k\u00e9nt dolgozott a Csepeln\u00e9l. 1961-ig a serd\u00fcl\u0151 csapat, 1964-ig a tartal\u00e9k csapat edz\u0151je volt. 1965 \u00e9s 1974 lett el\u0151sz\u00f6r az els\u0151 csapat vezet\u0151edz\u0151je. 1974-ben a VM Egyet\u00e9rt\u00e9shez szerz\u0151d\u00f6tt, amely f\u00e9l \u00e9v m\u00falva egyes\u00fclt az MTK-val MTK\u2013VM n\u00e9ven. A f\u00fazi\u00f3 ut\u00e1n \u0151 lett a k\u00e9k-feh\u00e9rek vezet\u0151edz\u0151je. Legnagyobb sikere az 1976-os magyar kupa d\u00f6nt\u0151j\u00e9be jut\u00e1s volt. 1978-ban visszat\u00e9rt Csepelre, ahol egy id\u00e9nyt kiv\u00e9ve (1979\u201380) 1983-ig ir\u00e1ny\u00edtotta a csapat munk\u00e1j\u00e1t. Utols\u00f3 id\u00e9ny\u00e9ben, 1983-ban 4. lett a bajnoks\u00e1gban a csapattal.<\/p>\n<p>Sikerei j\u00e1t\u00e9kosk\u00e9nt:<\/p>\n<p>Magyar bajnoks\u00e1g:<br \/>\nbajnok: 1941\u201342, 1942\u201343, 1947\u201348<br \/>\n3.: 1945-tavasz, 1945\u201346<\/p>\n<p>Sikerei edz\u0151k\u00e9nt:<\/p>\n<p>Magyar bajnoks\u00e1g:<br \/>\n4.: 1982\u201383<br \/>\nMagyar kupa\u00a0(MNK):<br \/>\nd\u00f6nt\u0151s: 1976<\/p>\n<p>(Forr\u00e1s:\u00a0http:\/\/hu.wikipedia.org)<\/p>\n<hr \/>\n<p style=\"text-align: left;\"><img loading=\"lazy\" class=\"alignleft wp-image-232 size-medium\" src=\"http:\/\/csepelfc.hu\/wp\/wp-content\/uploads\/2016\/10\/S\u00e1tori-213x300.jpg\" alt=\"satori\" width=\"213\" height=\"300\" srcset=\"http:\/\/csepelfc.hu\/wp-content\/uploads\/2016\/10\/S\u00e1tori-213x300.jpg 213w, http:\/\/csepelfc.hu\/wp-content\/uploads\/2016\/10\/S\u00e1tori.jpg 355w\" sizes=\"(max-width: 213px) 100vw, 213px\" \/><\/p>\n<p style=\"text-align: left;\"><strong>S\u00e1tori Imre<\/strong>, sz\u00fcletett Schweretz Imre, (Budapest,\u00a01937.\u00a0m\u00e1rcius 7.\u00a0\u2013 Budapest,\u00a02010.\u00a0november 30.)<\/p>\n<p style=\"text-align: left;\">1958-ig a Csepel Aut\u00f3, a Gamma, a Budafoki MTE j\u00e1t\u00e9kosa volt.\u00a0A t\u00f6bb \u00e9lvonalbeli csapatban szerepelt, g\u00f3lvesz\u00e9lyes sz\u00e9ls\u0151, a Csepel egy\u00fcttes\u00e9ben jutott p\u00e1lyafut\u00e1sa cs\u00facs\u00e1ra, 1959-ben tagja volt a bajnoks\u00e1got nyert g\u00e1rd\u00e1nak.<\/p>\n<p>Szerepelt az 1960-as r\u00f3mai olimpi\u00e1n, amelyen a magyar v\u00e1logatottal bronz\u00e9rmet szerzett. Karrierje k\u00e9s\u0151bbi szakasz\u00e1ban a Tatab\u00e1nya (1961-1963), a Csepel (1963-1967) \u00e9s a VM Egyet\u00e9rt\u00e9s csapatait er\u0151s\u00edtette (1967-1970), 134 \u00e9lvonalbeli bajnoki m\u00e9rk\u0151z\u00e9sen 22 g\u00f3lt szerzett.<\/p>\n<p>Utolj\u00e1ra az Egyet\u00e9rt\u00e9s csapat\u00e1ban szerepelt, s j\u00e1t\u00e9kos p\u00e1lyafut\u00e1s\u00e1nak befejez\u00e9se ut\u00e1n a Junior \u00e9lelmez\u00e9si v\u00e1llalat munkat\u00e1rsa lett, s a c\u00e9g egyik vezet\u0151jek\u00e9nt vonult nyugalomba.<\/p>\n<hr \/>\n<div>\n<p><img loading=\"lazy\" class=\"alignleft\" src=\"http:\/\/m.blog.hu\/or\/orulunkvincent\/image\/In%20Memoriam\/Tulip%C3%A1n.jpg\" width=\"139\" height=\"236\" align=\"left\" \/><strong>Tulip\u00e1n Mih\u00e1ly\u00a0<\/strong>(1955-1986) A Csepel &#8211; f\u00e9l\u00e9vesre sikeredett &#8211; nagy szezonj\u00e1nak meghat\u00e1roz\u00f3 j\u00e1t\u00e9kosa. A spanyol VB ut\u00e1ni id\u0151szakban nagyszer\u0171 teljes\u00edtm\u00e9nnyel el\u0151rukkol\u00f3 piros-k\u00e9kek a Mundial ut\u00e1ni hull\u00e1mv\u00f6lgy nagy \u00edg\u00e9rete voltak. Budav\u00e1ri, K\u0151halmi, Lazs\u00e1nyi, G\u00e1lhidi, Kov\u00e1cs Attila, Fischli, M\u00e9sz\u00f6ly P\u00e1l, God\u00e1n \u00e9s persze Tulip\u00e1n!<\/p>\n<p>Azon az \u0151sz\u00f6n a bajnok R\u00e1ba ETO nagy riv\u00e1lisai voltak. Fej-fej melletti k\u00fczdelemben versengtek az els\u0151s\u00e9g\u00e9rt, melyet szezonz\u00e1r\u00e1skor a gy\u0151riek orrhosszal elh\u00f3d\u00edtottak el\u0151l\u00fck. A tavaszi folytat\u00e1sban azonban a rutinosabb Honv\u00e9d \u00e9s a bajnoki c\u00edm\u00e9rt versenyt fut\u00f3 Ferencv\u00e1ros letasz\u00edtotta \u0151ket a dobog\u00f3r\u00f3l. A 4. helyen v\u00e9geztek. A nagy \u00e1lom, kijut\u00e1s a nemzetk\u00f6zi porondra, nem val\u00f3sulhatott meg. Pedig 3:1-re nyertek az \u00dcll\u0151i \u00faton, 2:1-re \u00dajpesten \u00e9s 3:3-at j\u00e1tszottak a Honv\u00e9d otthon\u00e1ban. Debrecenb\u0151l 4:2-es diadallal t\u00e9rtek vissza, \u00e1m a hazai p\u00e1ly\u00e1n (f\u0151k\u00e9nt tavasszal) annyi pontot hullajtottak, ami v\u00e9gzetesnek bizonyult a dobog\u00f3s rem\u00e9nyeik szempontj\u00e1b\u00f3l. 5 ponttal lemaradtak a harmadik helyezett Honv\u00e9d m\u00f6g\u00f6tt.<\/p>\n<p>A csepeli csoda r\u00f6vid ideig tartott.\u00a0A k\u00f6vetkez\u0151 \u00e9vben m\u00e1r csak a 11.-ek, amelynek v\u00e9g\u00e9n be\u00fct a krach,\u00a0a h\u00edrhedt bundabotr\u00e1ny. A csapat meghat\u00e1roz\u00f3 embereinek, K\u0151halminak, Lazs\u00e1nyinak \u00e9s Kov\u00e1cs Attil\u00e1nak az eltilt\u00e1s\u00e1val a nagyon j\u00f3l \u00f6sszerakott piros-k\u00e9k csapat elveszti \u00fct\u0151k\u00e9pess\u00e9g\u00e9t \u00e9s visszas\u00fcllyed a k\u00f6z\u00e9pmez\u0151nybe. Soha t\u00f6bb\u00e9 nem j\u00f6ttek ki onnan, de amit abban a r\u00f6vid id\u0151szakban m\u0171veltek \u00e9s el\u00e9rtek, a klub t\u00f6rt\u00e9nelm\u00e9nek aranylapjaira \u00edr\u00f3dott.<\/p>\n<p>Csapatt\u00e1rsaival egy\u00fctt Tulip\u00e1n m\u00e9g 1982-ben eljut a v\u00e1logatotts\u00e1gig. Egyszer. A T\u00f6r\u00f6korsz\u00e1g elleni &#8211; Gy\u0151rben megrendezett 5:0-\u00e1s &#8211; tal\u00e1lkoz\u00f3n egy f\u00e9lid\u0151 adatik meg neki c\u00edmeres mezben.<\/p>\n<p style=\"text-align: center;\"><img src=\"http:\/\/m.blog.hu\/or\/orulunkvincent\/image\/In%20Memoriam\/Tulip%C3%A1n%20g%C3%B3l%20g%C3%B6r%C3%B6g%20olimp.jpg\" alt=\"\" align=\"absMiddle\" \/><\/p>\n<p style=\"text-align: center;\">A g\u00f6r\u00f6g\u00f6k elleni harmadik g\u00f3lt fejeli az olimpiai v\u00e1logatott sz\u00edneiben (3:1)<\/p>\n<p>Az olimpiai- \u00e9s az ut\u00e1np\u00f3tl\u00e1s v\u00e1logatottban azonban hosszabb ideig ott van a nagycsapat kapuj\u00e1n d\u00f6r\u00f6mb\u00f6l\u0151k k\u00f6z\u00f6tt. Csat\u00e1r, jobbsz\u00e9ls\u0151. Fazekas, Pusztai, Bodonyi, Borosty\u00e1n van a jel\u00f6ltek k\u00f6z\u00f6tt. Azt\u00e1n meg\u00e9rkezik Kiprich \u00e9s ez a k\u00e9rd\u0151jel, \u00fagymond kiegyenesedik. Tulip\u00e1n ekkor m\u00e1r lemondhatott a v\u00e1logatotts\u00e1ggal kapcsolatos terveir\u0151l. De neve ismert, k\u00f6zismert \u00e9s elismert volt az \u00e9lvonalban.<\/p>\n<p>P\u00e1ly\u00e1ja v\u00e9g\u00e9n kipr\u00f3b\u00e1lhatja mag\u00e1t idegenl\u00e9gi\u00f3sk\u00e9nt is. A t\u00f6r\u00f6k Bursaspor sz\u00edneiben j\u00e1tszik, \u00e9s egyben ez lesz a trag\u00e9di\u00e1ja is. Kompbalesetben hal meg, feles\u00e9g\u00e9vel egy\u00fctt.\u00a0A kisfia megmenek\u00fcl.<\/p>\n<p>Tulip\u00e1n Mih\u00e1ly 31 \u00e9vet \u00e9lt.<\/p>\n<p>(Forr\u00e1s:\u00a0http:\/\/orulunkvincent.blog.hu)<\/p>\n<hr \/>\n<p><strong>Szekeres Andr\u00e1s<\/strong><\/p>\n<\/div>\n<p style=\"text-align: center;\"><iframe loading=\"lazy\" src=\"https:\/\/www.youtube.com\/embed\/0RtSucqusuc\" width=\"480\" height=\"315\" frameborder=\"0\" allowfullscreen=\"allowfullscreen\"><\/iframe><\/p>\n<p>&nbsp;<\/p>\n","protected":false},"excerpt":{"rendered":"<div class=\"mh-excerpt\"><p>T\u00f3th II J\u00f3zsef 1929. m\u00e1jus 16-\u00e1n a Vas megyei Mersev\u00e1ton sz\u00fcletett vil\u00e1gbajnoki ez\u00fcst\u00e9rmes, tizenk\u00e9tszeres v\u00e1logatott labdar\u00fag\u00f3, aki nem csup\u00e1n az 1954-es sv\u00e1jci vil\u00e1gbajnoks\u00e1gon szerepelt az akkor a m\u00e1sodik helyen v\u00e9gz\u0151 <a class=\"mh-excerpt-more\" href=\"http:\/\/csepelfc.hu\/index.php\/nagyjaink\/\" title=\"Nagyjaink\">[tov\u00e1bb&#8230;]<\/a><\/p>\n<\/div>","protected":false},"author":1,"featured_media":0,"parent":0,"menu_order":0,"comment_status":"closed","ping_status":"closed","template":"","meta":[],"jetpack_sharing_enabled":true,"jetpack_shortlink":"https:\/\/wp.me\/P83FEU-3H","_links":{"self":[{"href":"http:\/\/csepelfc.hu\/index.php\/wp-json\/wp\/v2\/pages\/229"}],"collection":[{"href":"http:\/\/csepelfc.hu\/index.php\/wp-json\/wp\/v2\/pages"}],"about":[{"href":"http:\/\/csepelfc.hu\/index.php\/wp-json\/wp\/v2\/types\/page"}],"author":[{"embeddable":true,"href":"http:\/\/csepelfc.hu\/index.php\/wp-json\/wp\/v2\/users\/1"}],"replies":[{"embeddable":true,"href":"http:\/\/csepelfc.hu\/index.php\/wp-json\/wp\/v2\/comments?post=229"}],"version-history":[{"count":3,"href":"http:\/\/csepelfc.hu\/index.php\/wp-json\/wp\/v2\/pages\/229\/revisions"}],"predecessor-version":[{"id":236,"href":"http:\/\/csepelfc.hu\/index.php\/wp-json\/wp\/v2\/pages\/229\/revisions\/236"}],"wp:attachment":[{"href":"http:\/\/csepelfc.hu\/index.php\/wp-json\/wp\/v2\/media?parent=229"}],"curies":[{"name":"wp","href":"https:\/\/api.w.org\/{rel}","templated":true}]}}