{"id":197,"date":"2016-10-30T21:37:55","date_gmt":"2016-10-30T20:37:55","guid":{"rendered":"http:\/\/csepelfc.hu\/wp\/?page_id=197"},"modified":"2016-10-30T21:40:51","modified_gmt":"2016-10-30T20:40:51","slug":"csapatfotok","status":"publish","type":"page","link":"http:\/\/csepelfc.hu\/index.php\/csapatfotok\/","title":{"rendered":"Csapatfot\u00f3k"},"content":{"rendered":"<div id='gallery-1' class='gallery galleryid-197 gallery-columns-4 gallery-size-thumbnail'><figure class='gallery-item'>\n\t\t\t<div class='gallery-icon landscape'>\n\t\t\t\t<a href='http:\/\/csepelfc.hu\/wp-content\/uploads\/2016\/10\/2016b.jpg'><img width=\"150\" height=\"150\" src=\"http:\/\/csepelfc.hu\/wp-content\/uploads\/2016\/10\/2016b-150x150.jpg\" class=\"attachment-thumbnail size-thumbnail\" alt=\"\" loading=\"lazy\" \/><\/a>\n\t\t\t<\/div><\/figure><figure class='gallery-item'>\n\t\t\t<div class='gallery-icon landscape'>\n\t\t\t\t<a href='http:\/\/csepelfc.hu\/wp-content\/uploads\/2016\/10\/2016.jpg'><img width=\"150\" height=\"150\" src=\"http:\/\/csepelfc.hu\/wp-content\/uploads\/2016\/10\/2016-150x150.jpg\" class=\"attachment-thumbnail size-thumbnail\" alt=\"\" loading=\"lazy\" \/><\/a>\n\t\t\t<\/div><\/figure><figure class='gallery-item'>\n\t\t\t<div class='gallery-icon landscape'>\n\t\t\t\t<a href='http:\/\/csepelfc.hu\/wp-content\/uploads\/2016\/10\/2014.jpg'><img width=\"150\" height=\"150\" src=\"http:\/\/csepelfc.hu\/wp-content\/uploads\/2016\/10\/2014-150x150.jpg\" class=\"attachment-thumbnail size-thumbnail\" alt=\"\" loading=\"lazy\" \/><\/a>\n\t\t\t<\/div><\/figure><figure class='gallery-item'>\n\t\t\t<div class='gallery-icon landscape'>\n\t\t\t\t<a href='http:\/\/csepelfc.hu\/wp-content\/uploads\/2016\/10\/2013.jpg'><img width=\"150\" height=\"150\" src=\"http:\/\/csepelfc.hu\/wp-content\/uploads\/2016\/10\/2013-150x150.jpg\" class=\"attachment-thumbnail size-thumbnail\" alt=\"\" loading=\"lazy\" \/><\/a>\n\t\t\t<\/div><\/figure><figure class='gallery-item'>\n\t\t\t<div class='gallery-icon landscape'>\n\t\t\t\t<a href='http:\/\/csepelfc.hu\/wp-content\/uploads\/2016\/10\/2012.jpg'><img width=\"150\" height=\"150\" src=\"http:\/\/csepelfc.hu\/wp-content\/uploads\/2016\/10\/2012-150x150.jpg\" class=\"attachment-thumbnail size-thumbnail\" alt=\"\" loading=\"lazy\" \/><\/a>\n\t\t\t<\/div><\/figure><figure class='gallery-item'>\n\t\t\t<div class='gallery-icon landscape'>\n\t\t\t\t<a href='http:\/\/csepelfc.hu\/wp-content\/uploads\/2016\/10\/2010.jpg'><img width=\"150\" height=\"150\" src=\"http:\/\/csepelfc.hu\/wp-content\/uploads\/2016\/10\/2010-150x150.jpg\" class=\"attachment-thumbnail size-thumbnail\" alt=\"\" loading=\"lazy\" \/><\/a>\n\t\t\t<\/div><\/figure><figure class='gallery-item'>\n\t\t\t<div class='gallery-icon landscape'>\n\t\t\t\t<a href='http:\/\/csepelfc.hu\/wp-content\/uploads\/2016\/10\/2007.jpg'><img width=\"150\" height=\"150\" src=\"http:\/\/csepelfc.hu\/wp-content\/uploads\/2016\/10\/2007-150x150.jpg\" class=\"attachment-thumbnail size-thumbnail\" alt=\"\" loading=\"lazy\" \/><\/a>\n\t\t\t<\/div><\/figure><figure class='gallery-item'>\n\t\t\t<div class='gallery-icon landscape'>\n\t\t\t\t<a href='http:\/\/csepelfc.hu\/wp-content\/uploads\/2016\/10\/2006b.jpg'><img width=\"150\" height=\"150\" src=\"http:\/\/csepelfc.hu\/wp-content\/uploads\/2016\/10\/2006b-150x150.jpg\" class=\"attachment-thumbnail size-thumbnail\" alt=\"\" loading=\"lazy\" \/><\/a>\n\t\t\t<\/div><\/figure><figure class='gallery-item'>\n\t\t\t<div class='gallery-icon landscape'>\n\t\t\t\t<a href='http:\/\/csepelfc.hu\/wp-content\/uploads\/2016\/10\/2006.jpg'><img width=\"150\" height=\"150\" src=\"http:\/\/csepelfc.hu\/wp-content\/uploads\/2016\/10\/2006-150x150.jpg\" class=\"attachment-thumbnail size-thumbnail\" alt=\"\" loading=\"lazy\" \/><\/a>\n\t\t\t<\/div><\/figure><figure class='gallery-item'>\n\t\t\t<div class='gallery-icon landscape'>\n\t\t\t\t<a href='http:\/\/csepelfc.hu\/wp-content\/uploads\/2016\/10\/2002.jpg'><img width=\"150\" height=\"150\" src=\"http:\/\/csepelfc.hu\/wp-content\/uploads\/2016\/10\/2002-150x150.jpg\" class=\"attachment-thumbnail size-thumbnail\" alt=\"\" loading=\"lazy\" \/><\/a>\n\t\t\t<\/div><\/figure><figure class='gallery-item'>\n\t\t\t<div class='gallery-icon landscape'>\n\t\t\t\t<a href='http:\/\/csepelfc.hu\/wp-content\/uploads\/2016\/10\/1996b.jpg'><img width=\"150\" height=\"150\" src=\"http:\/\/csepelfc.hu\/wp-content\/uploads\/2016\/10\/1996b-150x150.jpg\" class=\"attachment-thumbnail size-thumbnail\" alt=\"\" loading=\"lazy\" \/><\/a>\n\t\t\t<\/div><\/figure><figure class='gallery-item'>\n\t\t\t<div class='gallery-icon landscape'>\n\t\t\t\t<a href='http:\/\/csepelfc.hu\/wp-content\/uploads\/2016\/10\/1996.jpg'><img width=\"150\" height=\"150\" src=\"http:\/\/csepelfc.hu\/wp-content\/uploads\/2016\/10\/1996-150x150.jpg\" class=\"attachment-thumbnail size-thumbnail\" alt=\"\" loading=\"lazy\" \/><\/a>\n\t\t\t<\/div><\/figure><figure class='gallery-item'>\n\t\t\t<div class='gallery-icon landscape'>\n\t\t\t\t<a href='http:\/\/csepelfc.hu\/wp-content\/uploads\/2016\/10\/1995.jpg'><img width=\"150\" height=\"150\" src=\"http:\/\/csepelfc.hu\/wp-content\/uploads\/2016\/10\/1995-150x150.jpg\" class=\"attachment-thumbnail size-thumbnail\" alt=\"\" loading=\"lazy\" \/><\/a>\n\t\t\t<\/div><\/figure><figure class='gallery-item'>\n\t\t\t<div class='gallery-icon landscape'>\n\t\t\t\t<a href='http:\/\/csepelfc.hu\/wp-content\/uploads\/2016\/10\/1994.jpg'><img width=\"150\" height=\"150\" src=\"http:\/\/csepelfc.hu\/wp-content\/uploads\/2016\/10\/1994-150x150.jpg\" class=\"attachment-thumbnail size-thumbnail\" alt=\"\" loading=\"lazy\" \/><\/a>\n\t\t\t<\/div><\/figure><figure class='gallery-item'>\n\t\t\t<div class='gallery-icon landscape'>\n\t\t\t\t<a href='http:\/\/csepelfc.hu\/wp-content\/uploads\/2016\/10\/1987.jpg'><img width=\"150\" height=\"150\" src=\"http:\/\/csepelfc.hu\/wp-content\/uploads\/2016\/10\/1987-150x150.jpg\" class=\"attachment-thumbnail size-thumbnail\" alt=\"\" loading=\"lazy\" \/><\/a>\n\t\t\t<\/div><\/figure><figure class='gallery-item'>\n\t\t\t<div class='gallery-icon landscape'>\n\t\t\t\t<a href='http:\/\/csepelfc.hu\/wp-content\/uploads\/2016\/10\/1983.jpg'><img width=\"150\" height=\"150\" src=\"http:\/\/csepelfc.hu\/wp-content\/uploads\/2016\/10\/1983-150x150.jpg\" class=\"attachment-thumbnail size-thumbnail\" alt=\"\" loading=\"lazy\" \/><\/a>\n\t\t\t<\/div><\/figure><figure class='gallery-item'>\n\t\t\t<div class='gallery-icon landscape'>\n\t\t\t\t<a href='http:\/\/csepelfc.hu\/wp-content\/uploads\/2016\/10\/1982.png'><img width=\"150\" height=\"150\" src=\"http:\/\/csepelfc.hu\/wp-content\/uploads\/2016\/10\/1982-150x150.png\" class=\"attachment-thumbnail size-thumbnail\" alt=\"\" loading=\"lazy\" \/><\/a>\n\t\t\t<\/div><\/figure><figure class='gallery-item'>\n\t\t\t<div class='gallery-icon landscape'>\n\t\t\t\t<a href='http:\/\/csepelfc.hu\/wp-content\/uploads\/2016\/10\/1981.jpg'><img width=\"150\" height=\"150\" src=\"http:\/\/csepelfc.hu\/wp-content\/uploads\/2016\/10\/1981-150x150.jpg\" class=\"attachment-thumbnail size-thumbnail\" alt=\"\" loading=\"lazy\" \/><\/a>\n\t\t\t<\/div><\/figure><figure class='gallery-item'>\n\t\t\t<div class='gallery-icon landscape'>\n\t\t\t\t<a href='http:\/\/csepelfc.hu\/wp-content\/uploads\/2016\/10\/1980.jpg'><img width=\"150\" height=\"150\" src=\"http:\/\/csepelfc.hu\/wp-content\/uploads\/2016\/10\/1980-150x150.jpg\" class=\"attachment-thumbnail size-thumbnail\" alt=\"\" loading=\"lazy\" \/><\/a>\n\t\t\t<\/div><\/figure><figure class='gallery-item'>\n\t\t\t<div class='gallery-icon landscape'>\n\t\t\t\t<a href='http:\/\/csepelfc.hu\/wp-content\/uploads\/2016\/10\/1979.jpg'><img width=\"150\" height=\"150\" src=\"http:\/\/csepelfc.hu\/wp-content\/uploads\/2016\/10\/1979-150x150.jpg\" class=\"attachment-thumbnail size-thumbnail\" alt=\"\" loading=\"lazy\" \/><\/a>\n\t\t\t<\/div><\/figure><figure class='gallery-item'>\n\t\t\t<div class='gallery-icon landscape'>\n\t\t\t\t<a href='http:\/\/csepelfc.hu\/wp-content\/uploads\/2016\/10\/1977.jpg'><img width=\"150\" height=\"150\" src=\"http:\/\/csepelfc.hu\/wp-content\/uploads\/2016\/10\/1977-150x150.jpg\" class=\"attachment-thumbnail size-thumbnail\" alt=\"\" loading=\"lazy\" \/><\/a>\n\t\t\t<\/div><\/figure><figure class='gallery-item'>\n\t\t\t<div class='gallery-icon landscape'>\n\t\t\t\t<a href='http:\/\/csepelfc.hu\/wp-content\/uploads\/2016\/10\/1976.jpg'><img width=\"150\" height=\"150\" src=\"http:\/\/csepelfc.hu\/wp-content\/uploads\/2016\/10\/1976-150x150.jpg\" class=\"attachment-thumbnail size-thumbnail\" alt=\"\" loading=\"lazy\" \/><\/a>\n\t\t\t<\/div><\/figure><figure class='gallery-item'>\n\t\t\t<div class='gallery-icon landscape'>\n\t\t\t\t<a href='http:\/\/csepelfc.hu\/wp-content\/uploads\/2016\/10\/1973.jpg'><img width=\"150\" height=\"150\" src=\"http:\/\/csepelfc.hu\/wp-content\/uploads\/2016\/10\/1973-150x150.jpg\" class=\"attachment-thumbnail size-thumbnail\" alt=\"\" loading=\"lazy\" \/><\/a>\n\t\t\t<\/div><\/figure><figure class='gallery-item'>\n\t\t\t<div class='gallery-icon landscape'>\n\t\t\t\t<a href='http:\/\/csepelfc.hu\/wp-content\/uploads\/2016\/10\/1971.jpg'><img width=\"150\" height=\"150\" src=\"http:\/\/csepelfc.hu\/wp-content\/uploads\/2016\/10\/1971-150x150.jpg\" class=\"attachment-thumbnail size-thumbnail\" alt=\"\" loading=\"lazy\" \/><\/a>\n\t\t\t<\/div><\/figure><figure class='gallery-item'>\n\t\t\t<div class='gallery-icon landscape'>\n\t\t\t\t<a href='http:\/\/csepelfc.hu\/wp-content\/uploads\/2016\/10\/1970b.jpg'><img width=\"150\" height=\"150\" src=\"http:\/\/csepelfc.hu\/wp-content\/uploads\/2016\/10\/1970b-150x150.jpg\" class=\"attachment-thumbnail size-thumbnail\" alt=\"\" loading=\"lazy\" \/><\/a>\n\t\t\t<\/div><\/figure><figure class='gallery-item'>\n\t\t\t<div class='gallery-icon landscape'>\n\t\t\t\t<a href='http:\/\/csepelfc.hu\/wp-content\/uploads\/2016\/10\/1970c.jpg'><img width=\"150\" height=\"150\" src=\"http:\/\/csepelfc.hu\/wp-content\/uploads\/2016\/10\/1970c-150x150.jpg\" class=\"attachment-thumbnail size-thumbnail\" alt=\"\" loading=\"lazy\" \/><\/a>\n\t\t\t<\/div><\/figure><figure class='gallery-item'>\n\t\t\t<div class='gallery-icon landscape'>\n\t\t\t\t<a href='http:\/\/csepelfc.hu\/wp-content\/uploads\/2016\/10\/1970.jpg'><img width=\"150\" height=\"150\" src=\"http:\/\/csepelfc.hu\/wp-content\/uploads\/2016\/10\/1970-150x150.jpg\" class=\"attachment-thumbnail size-thumbnail\" alt=\"\" loading=\"lazy\" \/><\/a>\n\t\t\t<\/div><\/figure><figure class='gallery-item'>\n\t\t\t<div class='gallery-icon landscape'>\n\t\t\t\t<a href='http:\/\/csepelfc.hu\/wp-content\/uploads\/2016\/10\/1959.jpg'><img width=\"150\" height=\"150\" src=\"http:\/\/csepelfc.hu\/wp-content\/uploads\/2016\/10\/1959-150x150.jpg\" class=\"attachment-thumbnail size-thumbnail\" alt=\"\" loading=\"lazy\" \/><\/a>\n\t\t\t<\/div><\/figure><figure class='gallery-item'>\n\t\t\t<div class='gallery-icon landscape'>\n\t\t\t\t<a href='http:\/\/csepelfc.hu\/wp-content\/uploads\/2016\/10\/1965.jpg'><img width=\"150\" height=\"150\" src=\"http:\/\/csepelfc.hu\/wp-content\/uploads\/2016\/10\/1965-150x150.jpg\" class=\"attachment-thumbnail size-thumbnail\" alt=\"\" loading=\"lazy\" \/><\/a>\n\t\t\t<\/div><\/figure><figure class='gallery-item'>\n\t\t\t<div class='gallery-icon landscape'>\n\t\t\t\t<a href='http:\/\/csepelfc.hu\/wp-content\/uploads\/2016\/10\/1948b.jpg'><img width=\"150\" height=\"150\" src=\"http:\/\/csepelfc.hu\/wp-content\/uploads\/2016\/10\/1948b-150x150.jpg\" class=\"attachment-thumbnail size-thumbnail\" alt=\"\" loading=\"lazy\" \/><\/a>\n\t\t\t<\/div><\/figure><figure class='gallery-item'>\n\t\t\t<div class='gallery-icon landscape'>\n\t\t\t\t<a href='http:\/\/csepelfc.hu\/wp-content\/uploads\/2016\/10\/1948c.jpg'><img width=\"150\" height=\"150\" src=\"http:\/\/csepelfc.hu\/wp-content\/uploads\/2016\/10\/1948c-150x150.jpg\" class=\"attachment-thumbnail size-thumbnail\" alt=\"\" loading=\"lazy\" \/><\/a>\n\t\t\t<\/div><\/figure><figure class='gallery-item'>\n\t\t\t<div class='gallery-icon landscape'>\n\t\t\t\t<a href='http:\/\/csepelfc.hu\/wp-content\/uploads\/2016\/10\/1948.jpg'><img width=\"150\" height=\"150\" src=\"http:\/\/csepelfc.hu\/wp-content\/uploads\/2016\/10\/1948-150x150.jpg\" class=\"attachment-thumbnail size-thumbnail\" alt=\"\" loading=\"lazy\" aria-describedby=\"gallery-1-188\" \/><\/a>\n\t\t\t<\/div>\n\t\t\t\t<figcaption class='wp-caption-text gallery-caption' id='gallery-1-188'>\n\t\t\t\t1948 Pr\u00e1ga, a h\u00fasv\u00e9ti torna-gy?ztes Csepel csapata: Pint\u00e9r, Keszthelyi II, Fenyvesi II, Szentesi, R\u00e9dei, K\u00f3nya, Marosv\u00e1ri, Nagy II, R\u00e1kosi, H\u00edres, Szekeres\n\t\t\t\t<\/figcaption><\/figure><figure class='gallery-item'>\n\t\t\t<div class='gallery-icon landscape'>\n\t\t\t\t<a href='http:\/\/csepelfc.hu\/wp-content\/uploads\/2016\/10\/1947.jpg'><img width=\"150\" height=\"150\" src=\"http:\/\/csepelfc.hu\/wp-content\/uploads\/2016\/10\/1947-150x150.jpg\" class=\"attachment-thumbnail size-thumbnail\" alt=\"\" loading=\"lazy\" aria-describedby=\"gallery-1-187\" \/><\/a>\n\t\t\t<\/div>\n\t\t\t\t<figcaption class='wp-caption-text gallery-caption' id='gallery-1-187'>\n\t\t\t\t1947, B\u00e9cs, h\u00fasv\u00e9ti torna: Nagy II, Szab\u00f3, Pint\u00e9r, Keszthelyi, Marosv\u00e1ri, R\u00e9dei, K\u00f3nya, Szentesi, Fenyvesi II, Csurg\u00f3, H\u00edres, R\u00e1kosi, Faludi, Szekeres (Wacker-Csepel 3-2, Csepel-Vienna 3-1)\n\t\t\t\t<\/figcaption><\/figure><figure class='gallery-item'>\n\t\t\t<div class='gallery-icon landscape'>\n\t\t\t\t<a href='http:\/\/csepelfc.hu\/wp-content\/uploads\/2016\/10\/1943.jpg'><img width=\"150\" height=\"150\" src=\"http:\/\/csepelfc.hu\/wp-content\/uploads\/2016\/10\/1943-150x150.jpg\" class=\"attachment-thumbnail size-thumbnail\" alt=\"\" loading=\"lazy\" \/><\/a>\n\t\t\t<\/div><\/figure><figure class='gallery-item'>\n\t\t\t<div class='gallery-icon landscape'>\n\t\t\t\t<a href='http:\/\/csepelfc.hu\/wp-content\/uploads\/2016\/10\/1942.jpg'><img width=\"150\" height=\"150\" src=\"http:\/\/csepelfc.hu\/wp-content\/uploads\/2016\/10\/1942-150x150.jpg\" class=\"attachment-thumbnail size-thumbnail\" alt=\"\" loading=\"lazy\" \/><\/a>\n\t\t\t<\/div><\/figure><figure class='gallery-item'>\n\t\t\t<div class='gallery-icon landscape'>\n\t\t\t\t<a href='http:\/\/csepelfc.hu\/wp-content\/uploads\/2016\/10\/1941.jpg'><img width=\"150\" height=\"150\" src=\"http:\/\/csepelfc.hu\/wp-content\/uploads\/2016\/10\/1941-150x150.jpg\" class=\"attachment-thumbnail size-thumbnail\" alt=\"\" loading=\"lazy\" aria-describedby=\"gallery-1-184\" \/><\/a>\n\t\t\t<\/div>\n\t\t\t\t<figcaption class='wp-caption-text gallery-caption' id='gallery-1-184'>\n\t\t\t\t1941, WMFC: J\u00e1vor (edz?), Marosv\u00e1ri, Szalai, Szabadkai, Kall\u00f3i, Dud\u00e1s, D\u00f3sai, Kiss, Olajk\u00e1r, Kapta, R\u00f6kk (vezet?), J\u00e1vor II, Pint\u00e9r\n\t\t\t\t<\/figcaption><\/figure><figure class='gallery-item'>\n\t\t\t<div class='gallery-icon landscape'>\n\t\t\t\t<a href='http:\/\/csepelfc.hu\/wp-content\/uploads\/2016\/10\/1938b.jpg'><img width=\"150\" height=\"150\" src=\"http:\/\/csepelfc.hu\/wp-content\/uploads\/2016\/10\/1938b-150x150.jpg\" class=\"attachment-thumbnail size-thumbnail\" alt=\"\" loading=\"lazy\" \/><\/a>\n\t\t\t<\/div><\/figure><figure class='gallery-item'>\n\t\t\t<div class='gallery-icon landscape'>\n\t\t\t\t<a href='http:\/\/csepelfc.hu\/wp-content\/uploads\/2016\/10\/1938.jpg'><img width=\"150\" height=\"150\" src=\"http:\/\/csepelfc.hu\/wp-content\/uploads\/2016\/10\/1938-150x150.jpg\" class=\"attachment-thumbnail size-thumbnail\" alt=\"\" loading=\"lazy\" aria-describedby=\"gallery-1-182\" \/><\/a>\n\t\t\t<\/div>\n\t\t\t\t<figcaption class='wp-caption-text gallery-caption' id='gallery-1-182'>\n\t\t\t\t1938, WMFC: Gere, Pint\u00e9r, Fekete, Szabadkai, Farkas, Rozgonyi, Nyilas, Keresztes, Barna, Gy?ri, R\u00f6kk, Sallai Gyula int\u00e9z?\n\t\t\t\t<\/figcaption><\/figure><figure class='gallery-item'>\n\t\t\t<div class='gallery-icon landscape'>\n\t\t\t\t<a href='http:\/\/csepelfc.hu\/wp-content\/uploads\/2016\/10\/1934.jpg'><img width=\"150\" height=\"150\" src=\"http:\/\/csepelfc.hu\/wp-content\/uploads\/2016\/10\/1934-150x150.jpg\" class=\"attachment-thumbnail size-thumbnail\" alt=\"\" loading=\"lazy\" \/><\/a>\n\t\t\t<\/div><\/figure><figure class='gallery-item'>\n\t\t\t<div class='gallery-icon landscape'>\n\t\t\t\t<a href='http:\/\/csepelfc.hu\/wp-content\/uploads\/2016\/10\/1932.jpg'><img width=\"150\" height=\"150\" src=\"http:\/\/csepelfc.hu\/wp-content\/uploads\/2016\/10\/1932-150x150.jpg\" class=\"attachment-thumbnail size-thumbnail\" alt=\"\" loading=\"lazy\" \/><\/a>\n\t\t\t<\/div><\/figure><figure class='gallery-item'>\n\t\t\t<div class='gallery-icon landscape'>\n\t\t\t\t<a href='http:\/\/csepelfc.hu\/wp-content\/uploads\/2016\/10\/1929.jpg'><img width=\"150\" height=\"150\" src=\"http:\/\/csepelfc.hu\/wp-content\/uploads\/2016\/10\/1929-150x150.jpg\" class=\"attachment-thumbnail size-thumbnail\" alt=\"\" loading=\"lazy\" \/><\/a>\n\t\t\t<\/div><\/figure><figure class='gallery-item'>\n\t\t\t<div class='gallery-icon landscape'>\n\t\t\t\t<a href='http:\/\/csepelfc.hu\/wp-content\/uploads\/2016\/10\/1927.jpg'><img width=\"150\" height=\"150\" src=\"http:\/\/csepelfc.hu\/wp-content\/uploads\/2016\/10\/1927-150x150.jpg\" class=\"attachment-thumbnail size-thumbnail\" alt=\"\" loading=\"lazy\" \/><\/a>\n\t\t\t<\/div><\/figure><figure class='gallery-item'>\n\t\t\t<div class='gallery-icon landscape'>\n\t\t\t\t<a href='http:\/\/csepelfc.hu\/wp-content\/uploads\/2016\/10\/1917.jpg'><img width=\"150\" height=\"150\" src=\"http:\/\/csepelfc.hu\/wp-content\/uploads\/2016\/10\/1917-150x150.jpg\" class=\"attachment-thumbnail size-thumbnail\" alt=\"\" loading=\"lazy\" \/><\/a>\n\t\t\t<\/div><\/figure>\n\t\t<\/div>\n\n","protected":false},"excerpt":{"rendered":"<div class=\"mh-excerpt\"><\/div>","protected":false},"author":1,"featured_media":0,"parent":0,"menu_order":0,"comment_status":"closed","ping_status":"closed","template":"","meta":[],"jetpack_sharing_enabled":true,"jetpack_shortlink":"https:\/\/wp.me\/P83FEU-3b","_links":{"self":[{"href":"http:\/\/csepelfc.hu\/index.php\/wp-json\/wp\/v2\/pages\/197"}],"collection":[{"href":"http:\/\/csepelfc.hu\/index.php\/wp-json\/wp\/v2\/pages"}],"about":[{"href":"http:\/\/csepelfc.hu\/index.php\/wp-json\/wp\/v2\/types\/page"}],"author":[{"embeddable":true,"href":"http:\/\/csepelfc.hu\/index.php\/wp-json\/wp\/v2\/users\/1"}],"replies":[{"embeddable":true,"href":"http:\/\/csepelfc.hu\/index.php\/wp-json\/wp\/v2\/comments?post=197"}],"version-history":[{"count":3,"href":"http:\/\/csepelfc.hu\/index.php\/wp-json\/wp\/v2\/pages\/197\/revisions"}],"predecessor-version":[{"id":225,"href":"http:\/\/csepelfc.hu\/index.php\/wp-json\/wp\/v2\/pages\/197\/revisions\/225"}],"wp:attachment":[{"href":"http:\/\/csepelfc.hu\/index.php\/wp-json\/wp\/v2\/media?parent=197"}],"curies":[{"name":"wp","href":"https:\/\/api.w.org\/{rel}","templated":true}]}}